{"id":2067,"date":"2025-05-29T23:36:39","date_gmt":"2025-05-29T23:36:39","guid":{"rendered":"https:\/\/talana.biz\/?page_id=2067"},"modified":"2025-05-31T15:52:27","modified_gmt":"2025-05-31T15:52:27","slug":"sin-descuidos","status":"publish","type":"page","link":"https:\/\/talana.biz\/index.php\/sin-descuidos\/","title":{"rendered":"Sin-descuidos"},"content":{"rendered":"\t\t<div data-elementor-type=\"wp-page\" data-elementor-id=\"2067\" class=\"elementor elementor-2067\">\n\t\t\t\t<div class=\"elementor-element elementor-element-7a946d5 e-con-full e-flex e-con e-parent\" data-id=\"7a946d5\" data-element_type=\"container\">\n\t\t\t\t<div class=\"elementor-element elementor-element-cce5c60 elementor-widget__width-initial elementor-widget elementor-widget-image\" data-id=\"cce5c60\" data-element_type=\"widget\" data-widget_type=\"image.default\">\n\t\t\t\t<div class=\"elementor-widget-container\">\n\t\t\t\t\t\t\t\t\t\t\t\t\t\t\t<img fetchpriority=\"high\" decoding=\"async\" width=\"1360\" height=\"902\" src=\"https:\/\/talana.biz\/wp-content\/uploads\/2025\/05\/bannersindescuidos.png\" class=\"attachment-2048x2048 size-2048x2048 wp-image-2069\" alt=\"\" srcset=\"https:\/\/talana.biz\/wp-content\/uploads\/2025\/05\/bannersindescuidos.png 1360w, https:\/\/talana.biz\/wp-content\/uploads\/2025\/05\/bannersindescuidos-300x199.png 300w, https:\/\/talana.biz\/wp-content\/uploads\/2025\/05\/bannersindescuidos-1024x679.png 1024w, https:\/\/talana.biz\/wp-content\/uploads\/2025\/05\/bannersindescuidos-768x509.png 768w, https:\/\/talana.biz\/wp-content\/uploads\/2025\/05\/bannersindescuidos-600x398.png 600w\" sizes=\"(max-width: 1360px) 100vw, 1360px\" \/>\t\t\t\t\t\t\t\t\t\t\t\t\t\t\t<\/div>\n\t\t\t\t<\/div>\n\t\t\t\t<\/div>\n\t\t<div class=\"elementor-element elementor-element-cde8574 e-flex e-con-boxed e-con e-parent\" data-id=\"cde8574\" data-element_type=\"container\">\n\t\t\t\t\t<div class=\"e-con-inner\">\n\t\t\t\t<div class=\"elementor-element elementor-element-7f7264a elementor-widget elementor-widget-image\" data-id=\"7f7264a\" data-element_type=\"widget\" data-widget_type=\"image.default\">\n\t\t\t\t<div class=\"elementor-widget-container\">\n\t\t\t\t\t\t\t\t\t\t\t\t\t\t\t<img decoding=\"async\" width=\"1024\" height=\"142\" src=\"https:\/\/talana.biz\/wp-content\/uploads\/2025\/05\/sin-descuidos-1024x142.png\" class=\"attachment-large size-large wp-image-1925\" alt=\"\" srcset=\"https:\/\/talana.biz\/wp-content\/uploads\/2025\/05\/sin-descuidos-1024x142.png 1024w, https:\/\/talana.biz\/wp-content\/uploads\/2025\/05\/sin-descuidos-300x42.png 300w, https:\/\/talana.biz\/wp-content\/uploads\/2025\/05\/sin-descuidos-768x106.png 768w, https:\/\/talana.biz\/wp-content\/uploads\/2025\/05\/sin-descuidos-1536x213.png 1536w, https:\/\/talana.biz\/wp-content\/uploads\/2025\/05\/sin-descuidos-2048x284.png 2048w, https:\/\/talana.biz\/wp-content\/uploads\/2025\/05\/sin-descuidos-600x83.png 600w\" sizes=\"(max-width: 1024px) 100vw, 1024px\" \/>\t\t\t\t\t\t\t\t\t\t\t\t\t\t\t<\/div>\n\t\t\t\t<\/div>\n\t\t\t\t<div class=\"elementor-element elementor-element-0cc2d41 elementor-widget elementor-widget-heading\" data-id=\"0cc2d41\" data-element_type=\"widget\" data-widget_type=\"heading.default\">\n\t\t\t\t<div class=\"elementor-widget-container\">\n\t\t\t\t\t<h2 class=\"elementor-heading-title elementor-size-default\">Corresponsabilidad para\n cuidar sin renunciar<\/h2>\t\t\t\t<\/div>\n\t\t\t\t<\/div>\n\t\t\t\t\t<\/div>\n\t\t\t\t<\/div>\n\t\t<div class=\"elementor-element elementor-element-2f4ce9a e-flex e-con-boxed e-con e-parent\" data-id=\"2f4ce9a\" data-element_type=\"container\">\n\t\t\t\t\t<div class=\"e-con-inner\">\n\t\t\t\t<div class=\"elementor-element elementor-element-f43354d elementor-widget elementor-widget-text-editor\" data-id=\"f43354d\" data-element_type=\"widget\" data-widget_type=\"text-editor.default\">\n\t\t\t\t<div class=\"elementor-widget-container\">\n\t\t\t\t\t\t\t\t\t<p style=\"text-align: center;\"><span style=\"color: #0270cb;\">\u00a0\u201cSin Descuidos\u201d es una iniciativa que busca enfrentar uno de <\/span><br \/><span style=\"color: #0270cb;\">los principales retos que enfrentan las mujeres en el \u00e1mbito <\/span><br \/><span style=\"color: #0270cb;\">laboral: la necesidad de renunciar o rechazar empleos <\/span><br \/><span style=\"color: #0270cb;\">debido al cuidado de sus hijos, hijas u otros familiares <\/span><br \/><span style=\"color: #0270cb;\">dependientes.<\/span><\/p>\t\t\t\t\t\t\t\t<\/div>\n\t\t\t\t<\/div>\n\t\t\t\t\t<\/div>\n\t\t\t\t<\/div>\n\t\t<div class=\"elementor-element elementor-element-cbc6ca3 e-flex e-con-boxed e-con e-parent\" data-id=\"cbc6ca3\" data-element_type=\"container\">\n\t\t\t\t\t<div class=\"e-con-inner\">\n\t\t\t\t<div class=\"elementor-element elementor-element-b7a94d0 elementor-widget elementor-widget-text-editor\" data-id=\"b7a94d0\" data-element_type=\"widget\" data-widget_type=\"text-editor.default\">\n\t\t\t\t<div class=\"elementor-widget-container\">\n\t\t\t\t\t\t\t\t\t<p style=\"text-align: center;\">\u00a0<span style=\"color: #0270cb;\">Este fen\u00f3meno afecta principalmente a mujeres, quienes <\/span><br \/><span style=\"color: #0270cb;\">representan el 64% de las personas que se ven obligadas a <\/span><br \/><span style=\"color: #0270cb;\">dejar sus trabajos o no ingresar al mercado laboral por estas <\/span><br \/><span style=\"color: #0270cb;\">responsabilidades. Esta situaci\u00f3n impacta no solo su <\/span><br \/><span style=\"color: #0270cb;\">desarrollo profesional y autonom\u00eda econ\u00f3mica, sino tambi\u00e9n <\/span><br \/><span style=\"color: #0270cb;\">la productividad y el clima organizacional de las empresas.<\/span><\/p>\t\t\t\t\t\t\t\t<\/div>\n\t\t\t\t<\/div>\n\t\t\t\t\t<\/div>\n\t\t\t\t<\/div>\n\t\t<div class=\"elementor-element elementor-element-c6ae444 e-flex e-con-boxed e-con e-parent\" data-id=\"c6ae444\" data-element_type=\"container\">\n\t\t\t\t\t<div class=\"e-con-inner\">\n\t\t\t\t<div class=\"elementor-element elementor-element-6320aa3 elementor-widget elementor-widget-heading\" data-id=\"6320aa3\" data-element_type=\"widget\" data-widget_type=\"heading.default\">\n\t\t\t\t<div class=\"elementor-widget-container\">\n\t\t\t\t\t<h2 class=\"elementor-heading-title elementor-size-default\"> Objetivos y acciones<\/h2>\t\t\t\t<\/div>\n\t\t\t\t<\/div>\n\t\t\t\t\t<\/div>\n\t\t\t\t<\/div>\n\t\t<div class=\"elementor-element elementor-element-2d6f9d1 e-flex e-con-boxed e-con e-parent\" data-id=\"2d6f9d1\" data-element_type=\"container\">\n\t\t\t\t\t<div class=\"e-con-inner\">\n\t\t\t\t<div class=\"elementor-element elementor-element-addc98b elementor-widget elementor-widget-text-editor\" data-id=\"addc98b\" data-element_type=\"widget\" data-widget_type=\"text-editor.default\">\n\t\t\t\t<div class=\"elementor-widget-container\">\n\t\t\t\t\t\t\t\t\t<p style=\"text-align: center;\">El programa promueve la corresponsabilidad empresarial a <br \/>trav\u00e9s de medidas que apoyan el cuidado compartido y la <br \/>conciliaci\u00f3n entre la vida laboral, familiar y personal. Entre <br \/>las estrategias que se implementan est\u00e1n:<\/p>\t\t\t\t\t\t\t\t<\/div>\n\t\t\t\t<\/div>\n\t\t\t\t\t<\/div>\n\t\t\t\t<\/div>\n\t\t<div class=\"elementor-element elementor-element-3aa5e67 e-flex e-con-boxed e-con e-parent\" data-id=\"3aa5e67\" data-element_type=\"container\">\n\t\t\t\t\t<div class=\"e-con-inner\">\n\t\t<div class=\"elementor-element elementor-element-2138bbf e-flex e-con-boxed e-con e-parent\" data-id=\"2138bbf\" data-element_type=\"container\">\n\t\t\t\t\t<div class=\"e-con-inner\">\n\t\t\t\t<div class=\"elementor-element elementor-element-3a4e23f elementor-arrows-position-inside elementor-pagination-position-outside elementor-widget elementor-widget-image-carousel\" data-id=\"3a4e23f\" data-element_type=\"widget\" data-settings=\"{&quot;navigation&quot;:&quot;both&quot;,&quot;autoplay&quot;:&quot;yes&quot;,&quot;pause_on_hover&quot;:&quot;yes&quot;,&quot;pause_on_interaction&quot;:&quot;yes&quot;,&quot;autoplay_speed&quot;:5000,&quot;infinite&quot;:&quot;yes&quot;,&quot;speed&quot;:500}\" data-widget_type=\"image-carousel.default\">\n\t\t\t\t<div class=\"elementor-widget-container\">\n\t\t\t\t\t\t\t<div class=\"elementor-image-carousel-wrapper swiper\" role=\"region\" aria-roledescription=\"carousel\" aria-label=\"Image Carousel\" dir=\"ltr\">\n\t\t\t<div class=\"elementor-image-carousel swiper-wrapper\" aria-live=\"off\">\n\t\t\t\t\t\t\t\t<div class=\"swiper-slide\" role=\"group\" aria-roledescription=\"slide\" aria-label=\"1 of 5\"><figure class=\"swiper-slide-inner\"><img decoding=\"async\" class=\"swiper-slide-image\" src=\"https:\/\/talana.biz\/wp-content\/uploads\/2025\/05\/c5.png\" alt=\"c5\" \/><\/figure><\/div><div class=\"swiper-slide\" role=\"group\" aria-roledescription=\"slide\" aria-label=\"2 of 5\"><figure class=\"swiper-slide-inner\"><img decoding=\"async\" class=\"swiper-slide-image\" src=\"https:\/\/talana.biz\/wp-content\/uploads\/2025\/05\/c4.png\" alt=\"c4\" \/><\/figure><\/div><div class=\"swiper-slide\" role=\"group\" aria-roledescription=\"slide\" aria-label=\"3 of 5\"><figure class=\"swiper-slide-inner\"><img decoding=\"async\" class=\"swiper-slide-image\" src=\"https:\/\/talana.biz\/wp-content\/uploads\/2025\/05\/c3.png\" alt=\"c3\" \/><\/figure><\/div><div class=\"swiper-slide\" role=\"group\" aria-roledescription=\"slide\" aria-label=\"4 of 5\"><figure class=\"swiper-slide-inner\"><img decoding=\"async\" class=\"swiper-slide-image\" src=\"https:\/\/talana.biz\/wp-content\/uploads\/2025\/05\/c2.png\" alt=\"c2\" \/><\/figure><\/div><div class=\"swiper-slide\" role=\"group\" aria-roledescription=\"slide\" aria-label=\"5 of 5\"><figure class=\"swiper-slide-inner\"><img decoding=\"async\" class=\"swiper-slide-image\" src=\"https:\/\/talana.biz\/wp-content\/uploads\/2025\/05\/c1.png\" alt=\"c1\" \/><\/figure><\/div>\t\t\t<\/div>\n\t\t\t\t\t\t\t\t\t\t\t\t<div class=\"elementor-swiper-button elementor-swiper-button-prev\" role=\"button\" tabindex=\"0\">\n\t\t\t\t\t\t<svg aria-hidden=\"true\" class=\"e-font-icon-svg e-eicon-chevron-left\" viewBox=\"0 0 1000 1000\" xmlns=\"http:\/\/www.w3.org\/2000\/svg\"><path d=\"M646 125C629 125 613 133 604 142L308 442C296 454 292 471 292 487 292 504 296 521 308 533L604 854C617 867 629 875 646 875 663 875 679 871 692 858 704 846 713 829 713 812 713 796 708 779 692 767L438 487 692 225C700 217 708 204 708 187 708 171 704 154 692 142 675 129 663 125 646 125Z\"><\/path><\/svg>\t\t\t\t\t<\/div>\n\t\t\t\t\t<div class=\"elementor-swiper-button elementor-swiper-button-next\" role=\"button\" tabindex=\"0\">\n\t\t\t\t\t\t<svg aria-hidden=\"true\" class=\"e-font-icon-svg e-eicon-chevron-right\" viewBox=\"0 0 1000 1000\" xmlns=\"http:\/\/www.w3.org\/2000\/svg\"><path d=\"M696 533C708 521 713 504 713 487 713 471 708 454 696 446L400 146C388 133 375 125 354 125 338 125 325 129 313 142 300 154 292 171 292 187 292 204 296 221 308 233L563 492 304 771C292 783 288 800 288 817 288 833 296 850 308 863 321 871 338 875 354 875 371 875 388 867 400 854L696 533Z\"><\/path><\/svg>\t\t\t\t\t<\/div>\n\t\t\t\t\n\t\t\t\t\t\t\t\t\t<div class=\"swiper-pagination\"><\/div>\n\t\t\t\t\t\t\t\t\t<\/div>\n\t\t\t\t\t\t<\/div>\n\t\t\t\t<\/div>\n\t\t\t\t\t<\/div>\n\t\t\t\t<\/div>\n\t\t\t\t\t<\/div>\n\t\t\t\t<\/div>\n\t\t<div class=\"elementor-element elementor-element-d698730 e-flex e-con-boxed e-con e-parent\" data-id=\"d698730\" data-element_type=\"container\">\n\t\t\t\t\t<div class=\"e-con-inner\">\n\t\t\t\t<div class=\"elementor-element elementor-element-3642438 elementor-widget elementor-widget-heading\" data-id=\"3642438\" data-element_type=\"widget\" data-widget_type=\"heading.default\">\n\t\t\t\t<div class=\"elementor-widget-container\">\n\t\t\t\t\t<h2 class=\"elementor-heading-title elementor-size-default\"> Alcance e impacto<\/h2>\t\t\t\t<\/div>\n\t\t\t\t<\/div>\n\t\t\t\t\t<\/div>\n\t\t\t\t<\/div>\n\t\t<div class=\"elementor-element elementor-element-a107a60 e-flex e-con-boxed e-con e-parent\" data-id=\"a107a60\" data-element_type=\"container\">\n\t\t\t\t\t<div class=\"e-con-inner\">\n\t\t\t\t<div class=\"elementor-element elementor-element-daa08c6 elementor-widget elementor-widget-text-editor\" data-id=\"daa08c6\" data-element_type=\"widget\" data-widget_type=\"text-editor.default\">\n\t\t\t\t<div class=\"elementor-widget-container\">\n\t\t\t\t\t\t\t\t\t<p style=\"text-align: center;\">El proyecto est\u00e1 dirigido a empresas, con especial \u00e9nfasis en <br \/>el sector de dispositivos m\u00e9dicos, donde m\u00e1s del 52% de la <br \/>fuerza laboral son mujeres. Se espera integrar 12 empresas y <br \/>beneficiar a m\u00e1s de 1.000 madres trabajadoras con acceso a <br \/>servicios de cuidado y otras medidas que fomenten la <br \/>permanencia laboral y el desarrollo profesional.<\/p>\t\t\t\t\t\t\t\t<\/div>\n\t\t\t\t<\/div>\n\t\t\t\t\t<\/div>\n\t\t\t\t<\/div>\n\t\t<div class=\"elementor-element elementor-element-517642e e-flex e-con-boxed e-con e-parent\" data-id=\"517642e\" data-element_type=\"container\">\n\t\t\t\t\t<div class=\"e-con-inner\">\n\t\t\t\t<div class=\"elementor-element elementor-element-9a7a3bf elementor-widget elementor-widget-text-editor\" data-id=\"9a7a3bf\" data-element_type=\"widget\" data-widget_type=\"text-editor.default\">\n\t\t\t\t<div class=\"elementor-widget-container\">\n\t\t\t\t\t\t\t\t\t<p style=\"text-align: center;\">Actualmente, el costo promedio de un centro de cuidado <br \/>infantil representa cerca del 45% del salario m\u00ednimo, lo que <br \/>dificulta su acceso para muchas familias. \u201cSin Descuidos\u201d <br \/>propone soluciones de corresponsabilidad que reducen esta <br \/>carga, generando beneficios como mayor estabilidad, <br \/>productividad y clima laboral positivo.<\/p>\t\t\t\t\t\t\t\t<\/div>\n\t\t\t\t<\/div>\n\t\t\t\t\t<\/div>\n\t\t\t\t<\/div>\n\t\t<div class=\"elementor-element elementor-element-e7cf916 e-flex e-con-boxed e-con e-parent\" data-id=\"e7cf916\" data-element_type=\"container\">\n\t\t\t\t\t<div class=\"e-con-inner\">\n\t\t\t\t<div class=\"elementor-element elementor-element-be6210b elementor-align-center elementor-widget elementor-widget-button\" data-id=\"be6210b\" data-element_type=\"widget\" data-widget_type=\"button.default\">\n\t\t\t\t<div class=\"elementor-widget-container\">\n\t\t\t\t\t\t\t\t\t<div class=\"elementor-button-wrapper\">\n\t\t\t\t\t<a class=\"elementor-button elementor-button-link elementor-size-sm\" href=\"mailto:info@talana.biz?subject=Consulta%20desde%20la%20web\" target=\"_blank\">\n\t\t\t\t\t\t<span class=\"elementor-button-content-wrapper\">\n\t\t\t\t\t\t\t\t\t<span class=\"elementor-button-text\">Contactar<\/span>\n\t\t\t\t\t<\/span>\n\t\t\t\t\t<\/a>\n\t\t\t\t<\/div>\n\t\t\t\t\t\t\t\t<\/div>\n\t\t\t\t<\/div>\n\t\t\t\t\t<\/div>\n\t\t\t\t<\/div>\n\t\t<div class=\"elementor-element elementor-element-dbaa3b2 e-flex e-con-boxed e-con e-parent\" data-id=\"dbaa3b2\" data-element_type=\"container\">\n\t\t\t\t\t<div class=\"e-con-inner\">\n\t\t\t\t<div class=\"elementor-element elementor-element-b2f304d elementor-widget elementor-widget-spacer\" data-id=\"b2f304d\" data-element_type=\"widget\" data-widget_type=\"spacer.default\">\n\t\t\t\t<div class=\"elementor-widget-container\">\n\t\t\t\t\t\t\t<div class=\"elementor-spacer\">\n\t\t\t<div class=\"elementor-spacer-inner\"><\/div>\n\t\t<\/div>\n\t\t\t\t\t\t<\/div>\n\t\t\t\t<\/div>\n\t\t\t\t<div class=\"elementor-element elementor-element-53ce70a elementor-widget elementor-widget-text-editor\" data-id=\"53ce70a\" data-element_type=\"widget\" data-widget_type=\"text-editor.default\">\n\t\t\t\t<div class=\"elementor-widget-container\">\n\t\t\t\t\t\t\t\t\t<p style=\"text-align: center;\">\u00a0Este programa fue desarrollado en conjunto con Fundaci\u00f3n <br \/>CRUSA, cuyo respaldo ha sido fundamental para impulsar <br \/>esta propuesta que busca transformar la gesti\u00f3n del cuidado <br \/>en el \u00e1mbito empresarial, promoviendo la igualdad, equidad <br \/>y sostenibilidad.<\/p>\t\t\t\t\t\t\t\t<\/div>\n\t\t\t\t<\/div>\n\t\t\t\t\t<\/div>\n\t\t\t\t<\/div>\n\t\t\t\t<\/div>\n\t\t","protected":false},"excerpt":{"rendered":"<p>Corresponsabilidad para cuidar sin renunciar \u00a0\u201cSin Descuidos\u201d es una iniciativa que busca enfrentar uno de los principales retos que enfrentan las mujeres en el \u00e1mbito laboral: la necesidad de renunciar o rechazar empleos debido al cuidado de sus hijos, hijas u otros familiares dependientes. \u00a0Este fen\u00f3meno afecta principalmente a mujeres, quienes representan el 64% de [&hellip;]<\/p>\n","protected":false},"author":1,"featured_media":0,"parent":0,"menu_order":0,"comment_status":"closed","ping_status":"closed","template":"","meta":{"site-sidebar-layout":"no-sidebar","site-content-layout":"page-builder","ast-site-content-layout":"default","site-content-style":"default","site-sidebar-style":"default","ast-global-header-display":"","ast-banner-title-visibility":"","ast-main-header-display":"","ast-hfb-above-header-display":"","ast-hfb-below-header-display":"","ast-hfb-mobile-header-display":"","site-post-title":"disabled","ast-breadcrumbs-content":"","ast-featured-img":"disabled","footer-sml-layout":"","ast-disable-related-posts":"","theme-transparent-header-meta":"","adv-header-id-meta":"","stick-header-meta":"","header-above-stick-meta":"","header-main-stick-meta":"","header-below-stick-meta":"","astra-migrate-meta-layouts":"default","ast-page-background-enabled":"default","ast-page-background-meta":{"desktop":{"background-color":"var(--ast-global-color-4)","background-image":"","background-repeat":"repeat","background-position":"center center","background-size":"auto","background-attachment":"scroll","background-type":"","background-media":"","overlay-type":"","overlay-color":"","overlay-opacity":"","overlay-gradient":""},"tablet":{"background-color":"","background-image":"","background-repeat":"repeat","background-position":"center center","background-size":"auto","background-attachment":"scroll","background-type":"","background-media":"","overlay-type":"","overlay-color":"","overlay-opacity":"","overlay-gradient":""},"mobile":{"background-color":"","background-image":"","background-repeat":"repeat","background-position":"center center","background-size":"auto","background-attachment":"scroll","background-type":"","background-media":"","overlay-type":"","overlay-color":"","overlay-opacity":"","overlay-gradient":""}},"ast-content-background-meta":{"desktop":{"background-color":"var(--ast-global-color-5)","background-image":"","background-repeat":"repeat","background-position":"center center","background-size":"auto","background-attachment":"scroll","background-type":"","background-media":"","overlay-type":"","overlay-color":"","overlay-opacity":"","overlay-gradient":""},"tablet":{"background-color":"var(--ast-global-color-5)","background-image":"","background-repeat":"repeat","background-position":"center center","background-size":"auto","background-attachment":"scroll","background-type":"","background-media":"","overlay-type":"","overlay-color":"","overlay-opacity":"","overlay-gradient":""},"mobile":{"background-color":"var(--ast-global-color-5)","background-image":"","background-repeat":"repeat","background-position":"center center","background-size":"auto","background-attachment":"scroll","background-type":"","background-media":"","overlay-type":"","overlay-color":"","overlay-opacity":"","overlay-gradient":""}},"footnotes":""},"class_list":["post-2067","page","type-page","status-publish","hentry"],"_links":{"self":[{"href":"https:\/\/talana.biz\/index.php\/wp-json\/wp\/v2\/pages\/2067","targetHints":{"allow":["GET"]}}],"collection":[{"href":"https:\/\/talana.biz\/index.php\/wp-json\/wp\/v2\/pages"}],"about":[{"href":"https:\/\/talana.biz\/index.php\/wp-json\/wp\/v2\/types\/page"}],"author":[{"embeddable":true,"href":"https:\/\/talana.biz\/index.php\/wp-json\/wp\/v2\/users\/1"}],"replies":[{"embeddable":true,"href":"https:\/\/talana.biz\/index.php\/wp-json\/wp\/v2\/comments?post=2067"}],"version-history":[{"count":7,"href":"https:\/\/talana.biz\/index.php\/wp-json\/wp\/v2\/pages\/2067\/revisions"}],"predecessor-version":[{"id":2150,"href":"https:\/\/talana.biz\/index.php\/wp-json\/wp\/v2\/pages\/2067\/revisions\/2150"}],"wp:attachment":[{"href":"https:\/\/talana.biz\/index.php\/wp-json\/wp\/v2\/media?parent=2067"}],"curies":[{"name":"wp","href":"https:\/\/api.w.org\/{rel}","templated":true}]}}