{"id":1998,"date":"2025-05-29T19:32:16","date_gmt":"2025-05-29T19:32:16","guid":{"rendered":"https:\/\/talana.biz\/?page_id=1998"},"modified":"2025-05-31T19:15:44","modified_gmt":"2025-05-31T19:15:44","slug":"alianzas","status":"publish","type":"page","link":"https:\/\/talana.biz\/index.php\/alianzas\/","title":{"rendered":"Alianzas"},"content":{"rendered":"\t\t<div data-elementor-type=\"wp-page\" data-elementor-id=\"1998\" class=\"elementor elementor-1998\">\n\t\t\t\t<div class=\"elementor-element elementor-element-ab366f9 e-flex e-con-boxed e-con e-parent\" data-id=\"ab366f9\" data-element_type=\"container\">\n\t\t\t\t\t<div class=\"e-con-inner\">\n\t\t<div class=\"elementor-element elementor-element-9abb77a e-con-full e-flex e-con e-parent\" data-id=\"9abb77a\" data-element_type=\"container\">\n\t\t\t\t<div class=\"elementor-element elementor-element-17a483e elementor-widget elementor-widget-spacer\" data-id=\"17a483e\" data-element_type=\"widget\" data-widget_type=\"spacer.default\">\n\t\t\t\t<div class=\"elementor-widget-container\">\n\t\t\t\t\t\t\t<div class=\"elementor-spacer\">\n\t\t\t<div class=\"elementor-spacer-inner\"><\/div>\n\t\t<\/div>\n\t\t\t\t\t\t<\/div>\n\t\t\t\t<\/div>\n\t\t\t\t<div class=\"elementor-element elementor-element-1b53e1b elementor-widget elementor-widget-image\" data-id=\"1b53e1b\" data-element_type=\"widget\" data-widget_type=\"image.default\">\n\t\t\t\t<div class=\"elementor-widget-container\">\n\t\t\t\t\t\t\t\t\t\t\t\t\t\t\t<img fetchpriority=\"high\" decoding=\"async\" width=\"300\" height=\"300\" src=\"https:\/\/talana.biz\/wp-content\/uploads\/2025\/05\/web-Talana-2025servicios-22-1-300x300.png\" class=\"attachment-medium size-medium wp-image-2000\" alt=\"\" srcset=\"https:\/\/talana.biz\/wp-content\/uploads\/2025\/05\/web-Talana-2025servicios-22-1-300x300.png 300w, https:\/\/talana.biz\/wp-content\/uploads\/2025\/05\/web-Talana-2025servicios-22-1-1024x1024.png 1024w, https:\/\/talana.biz\/wp-content\/uploads\/2025\/05\/web-Talana-2025servicios-22-1-150x150.png 150w, https:\/\/talana.biz\/wp-content\/uploads\/2025\/05\/web-Talana-2025servicios-22-1-768x768.png 768w, https:\/\/talana.biz\/wp-content\/uploads\/2025\/05\/web-Talana-2025servicios-22-1-600x600.png 600w, https:\/\/talana.biz\/wp-content\/uploads\/2025\/05\/web-Talana-2025servicios-22-1-100x100.png 100w, https:\/\/talana.biz\/wp-content\/uploads\/2025\/05\/web-Talana-2025servicios-22-1.png 1485w\" sizes=\"(max-width: 300px) 100vw, 300px\" \/>\t\t\t\t\t\t\t\t\t\t\t\t\t\t\t<\/div>\n\t\t\t\t<\/div>\n\t\t\t\t<\/div>\n\t\t<div class=\"elementor-element elementor-element-afd36b3 e-con-full e-flex e-con e-parent\" data-id=\"afd36b3\" data-element_type=\"container\">\n\t\t\t\t<div class=\"elementor-element elementor-element-756fd03 elementor-widget elementor-widget-spacer\" data-id=\"756fd03\" data-element_type=\"widget\" data-widget_type=\"spacer.default\">\n\t\t\t\t<div class=\"elementor-widget-container\">\n\t\t\t\t\t\t\t<div class=\"elementor-spacer\">\n\t\t\t<div class=\"elementor-spacer-inner\"><\/div>\n\t\t<\/div>\n\t\t\t\t\t\t<\/div>\n\t\t\t\t<\/div>\n\t\t\t\t<div class=\"elementor-element elementor-element-4a5bde0 elementor-widget elementor-widget-heading\" data-id=\"4a5bde0\" data-element_type=\"widget\" data-widget_type=\"heading.default\">\n\t\t\t\t<div class=\"elementor-widget-container\">\n\t\t\t\t\t<h3 class=\"elementor-heading-title elementor-size-default\">Estrategias de balance\n de vida personal y laboral.<\/h3>\t\t\t\t<\/div>\n\t\t\t\t<\/div>\n\t\t\t\t<div class=\"elementor-element elementor-element-d2282db elementor-widget elementor-widget-text-editor\" data-id=\"d2282db\" data-element_type=\"widget\" data-widget_type=\"text-editor.default\">\n\t\t\t\t<div class=\"elementor-widget-container\">\n\t\t\t\t\t\t\t\t\t<p style=\"text-align: center;\">\u00a0<span style=\"color: #000000;\">Gestionamos una red de centros infantiles que <\/span><br \/><span style=\"color: #000000;\">ofrecen descuentos y beneficios especiales para <\/span><br \/><span style=\"color: #000000;\">los colaboradores de las empresas.<\/span><\/p>\t\t\t\t\t\t\t\t<\/div>\n\t\t\t\t<\/div>\n\t\t\t\t<\/div>\n\t\t\t\t\t<\/div>\n\t\t\t\t<\/div>\n\t\t<div class=\"elementor-element elementor-element-5c489d4 e-flex e-con-boxed e-con e-parent\" data-id=\"5c489d4\" data-element_type=\"container\">\n\t\t\t\t\t<div class=\"e-con-inner\">\n\t\t\t\t<div class=\"elementor-element elementor-element-faa5e56 elementor-widget-divider--view-line elementor-widget elementor-widget-divider\" data-id=\"faa5e56\" data-element_type=\"widget\" data-widget_type=\"divider.default\">\n\t\t\t\t<div class=\"elementor-widget-container\">\n\t\t\t\t\t\t\t<div class=\"elementor-divider\">\n\t\t\t<span class=\"elementor-divider-separator\">\n\t\t\t\t\t\t<\/span>\n\t\t<\/div>\n\t\t\t\t\t\t<\/div>\n\t\t\t\t<\/div>\n\t\t\t\t<div class=\"elementor-element elementor-element-e1f5663 elementor-widget elementor-widget-spacer\" data-id=\"e1f5663\" data-element_type=\"widget\" data-widget_type=\"spacer.default\">\n\t\t\t\t<div class=\"elementor-widget-container\">\n\t\t\t\t\t\t\t<div class=\"elementor-spacer\">\n\t\t\t<div class=\"elementor-spacer-inner\"><\/div>\n\t\t<\/div>\n\t\t\t\t\t\t<\/div>\n\t\t\t\t<\/div>\n\t\t\t\t\t<\/div>\n\t\t\t\t<\/div>\n\t\t<div class=\"elementor-element elementor-element-ec32778 e-flex e-con-boxed e-con e-parent\" data-id=\"ec32778\" data-element_type=\"container\">\n\t\t\t\t\t<div class=\"e-con-inner\">\n\t\t\t\t<div class=\"elementor-element elementor-element-5eb7b78 elementor-widget elementor-widget-text-editor\" data-id=\"5eb7b78\" data-element_type=\"widget\" data-widget_type=\"text-editor.default\">\n\t\t\t\t<div class=\"elementor-widget-container\">\n\t\t\t\t\t\t\t\t\t<p style=\"text-align: center;\"><span style=\"color: #000000;\">El distintivo FOCO re\u00fane centros infantiles que implementan beneficios para <\/span><br \/><span style=\"color: #000000;\">los colaboradores de las empresas. Estas medidas son de tipo econ\u00f3mico <\/span><br \/><span style=\"color: #000000;\">(descuentos, facilidades de pago), de gesti\u00f3n de tiempo (facilidad de <\/span><br \/><span style=\"color: #000000;\">horarios) y socioeducativas. Estas medidas facilitan el acceso a centros <\/span><br \/><span style=\"color: #000000;\">infantiles para que los padres y madres puedan cumplir con sus <\/span><br \/><span style=\"color: #000000;\">responsabilidades laborales mientras aseguran el bienestar de sus hijos.<\/span><\/p>\t\t\t\t\t\t\t\t<\/div>\n\t\t\t\t<\/div>\n\t\t\t\t\t<\/div>\n\t\t\t\t<\/div>\n\t\t<div class=\"elementor-element elementor-element-e5111c1 e-flex e-con-boxed e-con e-parent\" data-id=\"e5111c1\" data-element_type=\"container\">\n\t\t\t\t\t<div class=\"e-con-inner\">\n\t\t\t\t<div class=\"elementor-element elementor-element-b924fb9 elementor-widget elementor-widget-text-editor\" data-id=\"b924fb9\" data-element_type=\"widget\" data-widget_type=\"text-editor.default\">\n\t\t\t\t<div class=\"elementor-widget-container\">\n\t\t\t\t\t\t\t\t\t<h4 style=\"text-align: center;\">Si sos parte de un centro infantil y quer\u00e9s formar parte de esta <br \/>red de corresponsabilidad, sumate al distintivo FOCO y ayud\u00e1 a <br \/>que m\u00e1s familias accedan a servicios de cuido de calidad.<\/h4>\t\t\t\t\t\t\t\t<\/div>\n\t\t\t\t<\/div>\n\t\t\t\t\t<\/div>\n\t\t\t\t<\/div>\n\t\t<div class=\"elementor-element elementor-element-ff9eec9 e-flex e-con-boxed e-con e-parent\" data-id=\"ff9eec9\" data-element_type=\"container\">\n\t\t\t\t\t<div class=\"e-con-inner\">\n\t\t\t\t<div class=\"elementor-element elementor-element-972e081 elementor-align-center elementor-widget elementor-widget-button\" data-id=\"972e081\" data-element_type=\"widget\" data-widget_type=\"button.default\">\n\t\t\t\t<div class=\"elementor-widget-container\">\n\t\t\t\t\t\t\t\t\t<div class=\"elementor-button-wrapper\">\n\t\t\t\t\t<a class=\"elementor-button elementor-button-link elementor-size-sm\" href=\"mailto:info@talana.biz?subject=Quiero%20mas%20informacion%20de%20Talana\">\n\t\t\t\t\t\t<span class=\"elementor-button-content-wrapper\">\n\t\t\t\t\t\t\t\t\t<span class=\"elementor-button-text\"> Contactar con equipo<\/span>\n\t\t\t\t\t<\/span>\n\t\t\t\t\t<\/a>\n\t\t\t\t<\/div>\n\t\t\t\t\t\t\t\t<\/div>\n\t\t\t\t<\/div>\n\t\t\t\t\t<\/div>\n\t\t\t\t<\/div>\n\t\t<div class=\"elementor-element elementor-element-04defb3 e-flex e-con-boxed e-con e-parent\" data-id=\"04defb3\" data-element_type=\"container\">\n\t\t\t\t\t<div class=\"e-con-inner\">\n\t\t<div class=\"elementor-element elementor-element-59f5c40 e-con-full e-flex e-con e-parent\" data-id=\"59f5c40\" data-element_type=\"container\">\n\t\t\t\t<\/div>\n\t\t<div class=\"elementor-element elementor-element-f5bdb35 e-con-full e-flex e-con e-parent\" data-id=\"f5bdb35\" data-element_type=\"container\">\n\t\t\t\t<div class=\"elementor-element elementor-element-ece49e8 elementor-widget elementor-widget-image\" data-id=\"ece49e8\" data-element_type=\"widget\" data-widget_type=\"image.default\">\n\t\t\t\t<div class=\"elementor-widget-container\">\n\t\t\t\t\t\t\t\t\t\t\t\t\t\t\t<img decoding=\"async\" width=\"153\" height=\"300\" src=\"https:\/\/talana.biz\/wp-content\/uploads\/2025\/05\/web-Talana-2025servicios-23-153x300.png\" class=\"attachment-medium size-medium wp-image-1959\" alt=\"\" srcset=\"https:\/\/talana.biz\/wp-content\/uploads\/2025\/05\/web-Talana-2025servicios-23-153x300.png 153w, https:\/\/talana.biz\/wp-content\/uploads\/2025\/05\/web-Talana-2025servicios-23-522x1024.png 522w, https:\/\/talana.biz\/wp-content\/uploads\/2025\/05\/web-Talana-2025servicios-23-600x1177.png 600w, https:\/\/talana.biz\/wp-content\/uploads\/2025\/05\/web-Talana-2025servicios-23.png 645w\" sizes=\"(max-width: 153px) 100vw, 153px\" \/>\t\t\t\t\t\t\t\t\t\t\t\t\t\t\t<\/div>\n\t\t\t\t<\/div>\n\t\t\t\t<div class=\"elementor-element elementor-element-8b74d52 elementor-widget elementor-widget-spacer\" data-id=\"8b74d52\" data-element_type=\"widget\" data-widget_type=\"spacer.default\">\n\t\t\t\t<div class=\"elementor-widget-container\">\n\t\t\t\t\t\t\t<div class=\"elementor-spacer\">\n\t\t\t<div class=\"elementor-spacer-inner\"><\/div>\n\t\t<\/div>\n\t\t\t\t\t\t<\/div>\n\t\t\t\t<\/div>\n\t\t\t\t<\/div>\n\t\t<div class=\"elementor-element elementor-element-3d2fbe4 e-con-full e-flex e-con e-parent\" data-id=\"3d2fbe4\" data-element_type=\"container\">\n\t\t\t\t<\/div>\n\t\t\t\t\t<\/div>\n\t\t\t\t<\/div>\n\t\t<div class=\"elementor-element elementor-element-b118f47 e-con-full e-flex e-con e-parent\" data-id=\"b118f47\" data-element_type=\"container\">\n\t\t\t\t<div class=\"elementor-element elementor-element-32f6594 elementor-widget elementor-widget-image\" data-id=\"32f6594\" data-element_type=\"widget\" data-widget_type=\"image.default\">\n\t\t\t\t<div class=\"elementor-widget-container\">\n\t\t\t\t\t\t\t\t\t\t\t\t\t\t\t\t<a href=\"https:\/\/talana.biz\/index.php\/foco\/\">\n\t\t\t\t\t\t\t<img decoding=\"async\" width=\"1213\" height=\"347\" src=\"https:\/\/talana.biz\/wp-content\/uploads\/2025\/05\/Alianzasfooter.png\" class=\"attachment-full size-full wp-image-2001\" alt=\"\" srcset=\"https:\/\/talana.biz\/wp-content\/uploads\/2025\/05\/Alianzasfooter.png 1213w, https:\/\/talana.biz\/wp-content\/uploads\/2025\/05\/Alianzasfooter-300x86.png 300w, https:\/\/talana.biz\/wp-content\/uploads\/2025\/05\/Alianzasfooter-1024x293.png 1024w, https:\/\/talana.biz\/wp-content\/uploads\/2025\/05\/Alianzasfooter-768x220.png 768w, https:\/\/talana.biz\/wp-content\/uploads\/2025\/05\/Alianzasfooter-600x172.png 600w\" sizes=\"(max-width: 1213px) 100vw, 1213px\" \/>\t\t\t\t\t\t\t\t<\/a>\n\t\t\t\t\t\t\t\t\t\t\t\t\t\t\t<\/div>\n\t\t\t\t<\/div>\n\t\t\t\t<\/div>\n\t\t\t\t<\/div>\n\t\t","protected":false},"excerpt":{"rendered":"<p>Estrategias de balance de vida personal y laboral. \u00a0Gestionamos una red de centros infantiles que ofrecen descuentos y beneficios especiales para los colaboradores de las empresas. El distintivo FOCO re\u00fane centros infantiles que implementan beneficios para los colaboradores de las empresas. Estas medidas son de tipo econ\u00f3mico (descuentos, facilidades de pago), de gesti\u00f3n de tiempo [&hellip;]<\/p>\n","protected":false},"author":1,"featured_media":0,"parent":0,"menu_order":0,"comment_status":"closed","ping_status":"closed","template":"","meta":{"site-sidebar-layout":"no-sidebar","site-content-layout":"page-builder","ast-site-content-layout":"default","site-content-style":"default","site-sidebar-style":"default","ast-global-header-display":"","ast-banner-title-visibility":"","ast-main-header-display":"","ast-hfb-above-header-display":"","ast-hfb-below-header-display":"","ast-hfb-mobile-header-display":"","site-post-title":"disabled","ast-breadcrumbs-content":"","ast-featured-img":"disabled","footer-sml-layout":"","ast-disable-related-posts":"","theme-transparent-header-meta":"","adv-header-id-meta":"","stick-header-meta":"","header-above-stick-meta":"","header-main-stick-meta":"","header-below-stick-meta":"","astra-migrate-meta-layouts":"default","ast-page-background-enabled":"default","ast-page-background-meta":{"desktop":{"background-color":"var(--ast-global-color-4)","background-image":"","background-repeat":"repeat","background-position":"center center","background-size":"auto","background-attachment":"scroll","background-type":"","background-media":"","overlay-type":"","overlay-color":"","overlay-opacity":"","overlay-gradient":""},"tablet":{"background-color":"","background-image":"","background-repeat":"repeat","background-position":"center center","background-size":"auto","background-attachment":"scroll","background-type":"","background-media":"","overlay-type":"","overlay-color":"","overlay-opacity":"","overlay-gradient":""},"mobile":{"background-color":"","background-image":"","background-repeat":"repeat","background-position":"center center","background-size":"auto","background-attachment":"scroll","background-type":"","background-media":"","overlay-type":"","overlay-color":"","overlay-opacity":"","overlay-gradient":""}},"ast-content-background-meta":{"desktop":{"background-color":"var(--ast-global-color-5)","background-image":"","background-repeat":"repeat","background-position":"center center","background-size":"auto","background-attachment":"scroll","background-type":"","background-media":"","overlay-type":"","overlay-color":"","overlay-opacity":"","overlay-gradient":""},"tablet":{"background-color":"var(--ast-global-color-5)","background-image":"","background-repeat":"repeat","background-position":"center center","background-size":"auto","background-attachment":"scroll","background-type":"","background-media":"","overlay-type":"","overlay-color":"","overlay-opacity":"","overlay-gradient":""},"mobile":{"background-color":"var(--ast-global-color-5)","background-image":"","background-repeat":"repeat","background-position":"center center","background-size":"auto","background-attachment":"scroll","background-type":"","background-media":"","overlay-type":"","overlay-color":"","overlay-opacity":"","overlay-gradient":""}},"footnotes":""},"class_list":["post-1998","page","type-page","status-publish","hentry"],"_links":{"self":[{"href":"https:\/\/talana.biz\/index.php\/wp-json\/wp\/v2\/pages\/1998","targetHints":{"allow":["GET"]}}],"collection":[{"href":"https:\/\/talana.biz\/index.php\/wp-json\/wp\/v2\/pages"}],"about":[{"href":"https:\/\/talana.biz\/index.php\/wp-json\/wp\/v2\/types\/page"}],"author":[{"embeddable":true,"href":"https:\/\/talana.biz\/index.php\/wp-json\/wp\/v2\/users\/1"}],"replies":[{"embeddable":true,"href":"https:\/\/talana.biz\/index.php\/wp-json\/wp\/v2\/comments?post=1998"}],"version-history":[{"count":10,"href":"https:\/\/talana.biz\/index.php\/wp-json\/wp\/v2\/pages\/1998\/revisions"}],"predecessor-version":[{"id":2188,"href":"https:\/\/talana.biz\/index.php\/wp-json\/wp\/v2\/pages\/1998\/revisions\/2188"}],"wp:attachment":[{"href":"https:\/\/talana.biz\/index.php\/wp-json\/wp\/v2\/media?parent=1998"}],"curies":[{"name":"wp","href":"https:\/\/api.w.org\/{rel}","templated":true}]}}