{"id":1956,"date":"2025-05-29T15:06:28","date_gmt":"2025-05-29T15:06:28","guid":{"rendered":"https:\/\/talana.biz\/?page_id=1956"},"modified":"2025-05-31T19:10:10","modified_gmt":"2025-05-31T19:10:10","slug":"diagnostico","status":"publish","type":"page","link":"https:\/\/talana.biz\/index.php\/diagnostico\/","title":{"rendered":"Diagnostico"},"content":{"rendered":"\t\t<div data-elementor-type=\"wp-page\" data-elementor-id=\"1956\" class=\"elementor elementor-1956\">\n\t\t\t\t<div class=\"elementor-element elementor-element-ab366f9 e-flex e-con-boxed e-con e-parent\" data-id=\"ab366f9\" data-element_type=\"container\">\n\t\t\t\t\t<div class=\"e-con-inner\">\n\t\t<div class=\"elementor-element elementor-element-9abb77a e-con-full e-flex e-con e-parent\" data-id=\"9abb77a\" data-element_type=\"container\">\n\t\t\t\t<div class=\"elementor-element elementor-element-1b53e1b elementor-widget elementor-widget-image\" data-id=\"1b53e1b\" data-element_type=\"widget\" data-widget_type=\"image.default\">\n\t\t\t\t<div class=\"elementor-widget-container\">\n\t\t\t\t\t\t\t\t\t\t\t\t\t\t\t<img fetchpriority=\"high\" decoding=\"async\" width=\"300\" height=\"290\" src=\"https:\/\/talana.biz\/wp-content\/uploads\/2025\/05\/web-Talana-2025servicios-28-300x290.png\" class=\"attachment-medium size-medium wp-image-1958\" alt=\"\" srcset=\"https:\/\/talana.biz\/wp-content\/uploads\/2025\/05\/web-Talana-2025servicios-28-300x290.png 300w, https:\/\/talana.biz\/wp-content\/uploads\/2025\/05\/web-Talana-2025servicios-28-768x743.png 768w, https:\/\/talana.biz\/wp-content\/uploads\/2025\/05\/web-Talana-2025servicios-28-600x580.png 600w, https:\/\/talana.biz\/wp-content\/uploads\/2025\/05\/web-Talana-2025servicios-28.png 916w\" sizes=\"(max-width: 300px) 100vw, 300px\" \/>\t\t\t\t\t\t\t\t\t\t\t\t\t\t\t<\/div>\n\t\t\t\t<\/div>\n\t\t\t\t<\/div>\n\t\t<div class=\"elementor-element elementor-element-afd36b3 e-con-full e-flex e-con e-parent\" data-id=\"afd36b3\" data-element_type=\"container\">\n\t\t\t\t<div class=\"elementor-element elementor-element-4a5bde0 elementor-widget elementor-widget-heading\" data-id=\"4a5bde0\" data-element_type=\"widget\" data-widget_type=\"heading.default\">\n\t\t\t\t<div class=\"elementor-widget-container\">\n\t\t\t\t\t<h3 class=\"elementor-heading-title elementor-size-default\"> Diagn\u00f3sticos para un\n Impacto Empresarial Sostenible<\/h3>\t\t\t\t<\/div>\n\t\t\t\t<\/div>\n\t\t\t\t<div class=\"elementor-element elementor-element-d2282db elementor-widget elementor-widget-text-editor\" data-id=\"d2282db\" data-element_type=\"widget\" data-widget_type=\"text-editor.default\">\n\t\t\t\t<div class=\"elementor-widget-container\">\n\t\t\t\t\t\t\t\t\t<p style=\"text-align: center;\"><span style=\"color: #000000;\">Nuestros diagn\u00f3sticos est\u00e1n dise\u00f1ados para <\/span><br \/><span style=\"color: #000000;\">brindarle a tu empresa una visi\u00f3n clara y <\/span><br \/><span style=\"color: #000000;\">estrat\u00e9gica sobre las condiciones de su equipo y <\/span><br \/><span style=\"color: #000000;\">comunidad.<\/span><\/p>\t\t\t\t\t\t\t\t<\/div>\n\t\t\t\t<\/div>\n\t\t\t\t<\/div>\n\t\t\t\t\t<\/div>\n\t\t\t\t<\/div>\n\t\t<div class=\"elementor-element elementor-element-5c489d4 e-flex e-con-boxed e-con e-parent\" data-id=\"5c489d4\" data-element_type=\"container\">\n\t\t\t\t\t<div class=\"e-con-inner\">\n\t\t\t\t<div class=\"elementor-element elementor-element-faa5e56 elementor-widget-divider--view-line elementor-widget elementor-widget-divider\" data-id=\"faa5e56\" data-element_type=\"widget\" data-widget_type=\"divider.default\">\n\t\t\t\t<div class=\"elementor-widget-container\">\n\t\t\t\t\t\t\t<div class=\"elementor-divider\">\n\t\t\t<span class=\"elementor-divider-separator\">\n\t\t\t\t\t\t<\/span>\n\t\t<\/div>\n\t\t\t\t\t\t<\/div>\n\t\t\t\t<\/div>\n\t\t\t\t\t<\/div>\n\t\t\t\t<\/div>\n\t\t<div class=\"elementor-element elementor-element-74e8557 e-flex e-con-boxed e-con e-parent\" data-id=\"74e8557\" data-element_type=\"container\">\n\t\t\t\t\t<div class=\"e-con-inner\">\n\t\t\t\t<div class=\"elementor-element elementor-element-79d127a elementor-widget elementor-widget-heading\" data-id=\"79d127a\" data-element_type=\"widget\" data-widget_type=\"heading.default\">\n\t\t\t\t<div class=\"elementor-widget-container\">\n\t\t\t\t\t<h3 class=\"elementor-heading-title elementor-size-default\"> Diagn\u00f3sticos socioecon\u00f3micos.<\/h3>\t\t\t\t<\/div>\n\t\t\t\t<\/div>\n\t\t\t\t\t<\/div>\n\t\t\t\t<\/div>\n\t\t<div class=\"elementor-element elementor-element-ec32778 e-flex e-con-boxed e-con e-parent\" data-id=\"ec32778\" data-element_type=\"container\">\n\t\t\t\t\t<div class=\"e-con-inner\">\n\t\t\t\t<div class=\"elementor-element elementor-element-5eb7b78 elementor-widget elementor-widget-text-editor\" data-id=\"5eb7b78\" data-element_type=\"widget\" data-widget_type=\"text-editor.default\">\n\t\t\t\t<div class=\"elementor-widget-container\">\n\t\t\t\t\t\t\t\t\t<p style=\"text-align: center;\"><span style=\"color: #000000;\">Dise\u00f1amos e implementamos procesos de diagn\u00f3stico para identificar las <\/span><br \/><span style=\"color: #000000;\">condiciones socioecon\u00f3micas de los colaboradores de su organizaci\u00f3n, <\/span><br \/><span style=\"color: #000000;\">incluyendo variables como: conformaci\u00f3n familiar, ingresos, egresos, <\/span><br \/><span style=\"color: #000000;\">endeudamiento condiciones habitacionales, etc. Construimos y ajustamos <\/span><br \/><span style=\"color: #000000;\">el diagn\u00f3stico seg\u00fan los intereses de su organizaci\u00f3n.<\/span><\/p>\t\t\t\t\t\t\t\t<\/div>\n\t\t\t\t<\/div>\n\t\t\t\t\t<\/div>\n\t\t\t\t<\/div>\n\t\t<div class=\"elementor-element elementor-element-cda1685 e-flex e-con-boxed e-con e-parent\" data-id=\"cda1685\" data-element_type=\"container\">\n\t\t\t\t\t<div class=\"e-con-inner\">\n\t\t\t\t<div class=\"elementor-element elementor-element-15df331 elementor-widget elementor-widget-heading\" data-id=\"15df331\" data-element_type=\"widget\" data-widget_type=\"heading.default\">\n\t\t\t\t<div class=\"elementor-widget-container\">\n\t\t\t\t\t<h3 class=\"elementor-heading-title elementor-size-default\">Diagn\u00f3stico de necesidades de cuido\n y barreras para la permanencia<\/h3>\t\t\t\t<\/div>\n\t\t\t\t<\/div>\n\t\t\t\t\t<\/div>\n\t\t\t\t<\/div>\n\t\t<div class=\"elementor-element elementor-element-7573f87 e-flex e-con-boxed e-con e-parent\" data-id=\"7573f87\" data-element_type=\"container\">\n\t\t\t\t\t<div class=\"e-con-inner\">\n\t\t\t\t<div class=\"elementor-element elementor-element-c95ee94 elementor-widget elementor-widget-text-editor\" data-id=\"c95ee94\" data-element_type=\"widget\" data-widget_type=\"text-editor.default\">\n\t\t\t\t<div class=\"elementor-widget-container\">\n\t\t\t\t\t\t\t\t\t<p style=\"text-align: center;\"><span style=\"color: #000000;\">Implementamos consultas para conocer las condiciones en que los <\/span><br \/><span style=\"color: #000000;\">colaboradores gestionan el cuido de sus familiares (ni\u00f1ez y personas con <\/span><br \/><span style=\"color: #000000;\">discapacidad o adulas mayores en situaci\u00f3n de dependencia) con el fin de <\/span><br \/><span style=\"color: #000000;\">conocer las barreras para su permanencia laboral, priorizar las situaciones <\/span><br \/><span style=\"color: #000000;\">cr\u00edticas y dise\u00f1ar medidas seg\u00fan las posibilidades de la empresa.<\/span><\/p>\t\t\t\t\t\t\t\t<\/div>\n\t\t\t\t<\/div>\n\t\t\t\t\t<\/div>\n\t\t\t\t<\/div>\n\t\t<div class=\"elementor-element elementor-element-c9f76e0 e-flex e-con-boxed e-con e-parent\" data-id=\"c9f76e0\" data-element_type=\"container\">\n\t\t\t\t\t<div class=\"e-con-inner\">\n\t\t\t\t<div class=\"elementor-element elementor-element-b5dc8e7 elementor-widget elementor-widget-heading\" data-id=\"b5dc8e7\" data-element_type=\"widget\" data-widget_type=\"heading.default\">\n\t\t\t\t<div class=\"elementor-widget-container\">\n\t\t\t\t\t<h3 class=\"elementor-heading-title elementor-size-default\"> Diagn\u00f3sticos comunitarios. <\/h3>\t\t\t\t<\/div>\n\t\t\t\t<\/div>\n\t\t\t\t\t<\/div>\n\t\t\t\t<\/div>\n\t\t<div class=\"elementor-element elementor-element-5820f21 e-flex e-con-boxed e-con e-parent\" data-id=\"5820f21\" data-element_type=\"container\">\n\t\t\t\t\t<div class=\"e-con-inner\">\n\t\t\t\t<div class=\"elementor-element elementor-element-f8aad0d elementor-widget elementor-widget-text-editor\" data-id=\"f8aad0d\" data-element_type=\"widget\" data-widget_type=\"text-editor.default\">\n\t\t\t\t<div class=\"elementor-widget-container\">\n\t\t\t\t\t\t\t\t\t<p style=\"text-align: center;\"><span style=\"color: #000000;\">Dise\u00f1amos consultas comunitarias para conocer temas de inter\u00e9s para la<\/span><br \/><span style=\"color: #000000;\">empresa: condiciones socioecon\u00f3micas, percepci\u00f3n sobre la empresa,<\/span><br \/><span style=\"color: #000000;\">problem\u00e1ticas comunitarias, entre otros.<\/span><\/p>\t\t\t\t\t\t\t\t<\/div>\n\t\t\t\t<\/div>\n\t\t\t\t\t<\/div>\n\t\t\t\t<\/div>\n\t\t<div class=\"elementor-element elementor-element-e5111c1 e-flex e-con-boxed e-con e-parent\" data-id=\"e5111c1\" data-element_type=\"container\">\n\t\t\t\t\t<div class=\"e-con-inner\">\n\t\t\t\t<div class=\"elementor-element elementor-element-b924fb9 elementor-widget elementor-widget-text-editor\" data-id=\"b924fb9\" data-element_type=\"widget\" data-widget_type=\"text-editor.default\">\n\t\t\t\t<div class=\"elementor-widget-container\">\n\t\t\t\t\t\t\t\t\t<h4 style=\"text-align: center;\"><strong>\u00a0Nuestro equipo profesional puede crear o adaptar los instrumentos <\/strong><br \/><strong>a los temas y condiciones de consulta que su empresa requiere. Los <\/strong><br \/><strong>diagn\u00f3sticos se pueden realizar de manera autogestionada, por <\/strong><br \/><strong>medio de profesionales en Trabajo Social, de manera presencial o <\/strong><br \/><strong>telef\u00f3nica. Utilizamos t\u00e9cnicas como encuestas, entrevistas, grupos <\/strong><br \/><strong>focales, talleres, etc.<\/strong><\/h4>\t\t\t\t\t\t\t\t<\/div>\n\t\t\t\t<\/div>\n\t\t\t\t\t<\/div>\n\t\t\t\t<\/div>\n\t\t<div class=\"elementor-element elementor-element-ae840e4 e-con-full e-flex e-con e-parent\" data-id=\"ae840e4\" data-element_type=\"container\">\n\t\t\t\t<div class=\"elementor-element elementor-element-a59171e elementor-widget elementor-widget-spacer\" data-id=\"a59171e\" data-element_type=\"widget\" data-widget_type=\"spacer.default\">\n\t\t\t\t<div class=\"elementor-widget-container\">\n\t\t\t\t\t\t\t<div class=\"elementor-spacer\">\n\t\t\t<div class=\"elementor-spacer-inner\"><\/div>\n\t\t<\/div>\n\t\t\t\t\t\t<\/div>\n\t\t\t\t<\/div>\n\t\t\t\t<\/div>\n\t\t<div class=\"elementor-element elementor-element-ff9eec9 e-flex e-con-boxed e-con e-parent\" data-id=\"ff9eec9\" data-element_type=\"container\">\n\t\t\t\t\t<div class=\"e-con-inner\">\n\t\t\t\t<div class=\"elementor-element elementor-element-972e081 elementor-align-center elementor-widget elementor-widget-button\" data-id=\"972e081\" data-element_type=\"widget\" data-widget_type=\"button.default\">\n\t\t\t\t<div class=\"elementor-widget-container\">\n\t\t\t\t\t\t\t\t\t<div class=\"elementor-button-wrapper\">\n\t\t\t\t\t<a class=\"elementor-button elementor-button-link elementor-size-sm\" href=\"mailto:info@talana.biz?subject=Quiero%20mas%20informacion%20de%20Talana\" target=\"_blank\">\n\t\t\t\t\t\t<span class=\"elementor-button-content-wrapper\">\n\t\t\t\t\t\t\t\t\t<span class=\"elementor-button-text\"> Contactar con equipo<\/span>\n\t\t\t\t\t<\/span>\n\t\t\t\t\t<\/a>\n\t\t\t\t<\/div>\n\t\t\t\t\t\t\t\t<\/div>\n\t\t\t\t<\/div>\n\t\t\t\t\t<\/div>\n\t\t\t\t<\/div>\n\t\t<div class=\"elementor-element elementor-element-25ea82c e-con-full e-flex e-con e-parent\" data-id=\"25ea82c\" data-element_type=\"container\">\n\t\t\t\t<div class=\"elementor-element elementor-element-98e1c0e elementor-widget elementor-widget-spacer\" data-id=\"98e1c0e\" data-element_type=\"widget\" data-widget_type=\"spacer.default\">\n\t\t\t\t<div class=\"elementor-widget-container\">\n\t\t\t\t\t\t\t<div class=\"elementor-spacer\">\n\t\t\t<div class=\"elementor-spacer-inner\"><\/div>\n\t\t<\/div>\n\t\t\t\t\t\t<\/div>\n\t\t\t\t<\/div>\n\t\t\t\t<\/div>\n\t\t<div class=\"elementor-element elementor-element-83638e8 e-flex e-con-boxed e-con e-parent\" data-id=\"83638e8\" data-element_type=\"container\">\n\t\t\t\t\t<div class=\"e-con-inner\">\n\t\t<div class=\"elementor-element elementor-element-f8d12c8 e-con-full e-flex e-con e-parent\" data-id=\"f8d12c8\" data-element_type=\"container\">\n\t\t\t\t<\/div>\n\t\t<div class=\"elementor-element elementor-element-3835c88 e-con-full e-flex e-con e-parent\" data-id=\"3835c88\" data-element_type=\"container\">\n\t\t\t\t<div class=\"elementor-element elementor-element-8174e39 elementor-widget elementor-widget-image\" data-id=\"8174e39\" data-element_type=\"widget\" data-widget_type=\"image.default\">\n\t\t\t\t<div class=\"elementor-widget-container\">\n\t\t\t\t\t\t\t\t\t\t\t\t\t\t\t<img decoding=\"async\" width=\"153\" height=\"300\" src=\"https:\/\/talana.biz\/wp-content\/uploads\/2025\/05\/web-Talana-2025servicios-23-153x300.png\" class=\"attachment-medium size-medium wp-image-1959\" alt=\"\" srcset=\"https:\/\/talana.biz\/wp-content\/uploads\/2025\/05\/web-Talana-2025servicios-23-153x300.png 153w, https:\/\/talana.biz\/wp-content\/uploads\/2025\/05\/web-Talana-2025servicios-23-522x1024.png 522w, https:\/\/talana.biz\/wp-content\/uploads\/2025\/05\/web-Talana-2025servicios-23-600x1177.png 600w, https:\/\/talana.biz\/wp-content\/uploads\/2025\/05\/web-Talana-2025servicios-23.png 645w\" sizes=\"(max-width: 153px) 100vw, 153px\" \/>\t\t\t\t\t\t\t\t\t\t\t\t\t\t\t<\/div>\n\t\t\t\t<\/div>\n\t\t\t\t<\/div>\n\t\t<div class=\"elementor-element elementor-element-31aeb8d e-con-full e-flex e-con e-parent\" data-id=\"31aeb8d\" data-element_type=\"container\">\n\t\t\t\t<\/div>\n\t\t\t\t\t<\/div>\n\t\t\t\t<\/div>\n\t\t\t\t<\/div>\n\t\t","protected":false},"excerpt":{"rendered":"<p>Diagn\u00f3sticos para un Impacto Empresarial Sostenible Nuestros diagn\u00f3sticos est\u00e1n dise\u00f1ados para brindarle a tu empresa una visi\u00f3n clara y estrat\u00e9gica sobre las condiciones de su equipo y comunidad. Diagn\u00f3sticos socioecon\u00f3micos. Dise\u00f1amos e implementamos procesos de diagn\u00f3stico para identificar las condiciones socioecon\u00f3micas de los colaboradores de su organizaci\u00f3n, incluyendo variables como: conformaci\u00f3n familiar, ingresos, egresos, endeudamiento [&hellip;]<\/p>\n","protected":false},"author":1,"featured_media":0,"parent":0,"menu_order":0,"comment_status":"closed","ping_status":"closed","template":"","meta":{"site-sidebar-layout":"no-sidebar","site-content-layout":"page-builder","ast-site-content-layout":"default","site-content-style":"default","site-sidebar-style":"default","ast-global-header-display":"","ast-banner-title-visibility":"","ast-main-header-display":"","ast-hfb-above-header-display":"","ast-hfb-below-header-display":"","ast-hfb-mobile-header-display":"","site-post-title":"disabled","ast-breadcrumbs-content":"","ast-featured-img":"disabled","footer-sml-layout":"","ast-disable-related-posts":"","theme-transparent-header-meta":"","adv-header-id-meta":"","stick-header-meta":"","header-above-stick-meta":"","header-main-stick-meta":"","header-below-stick-meta":"","astra-migrate-meta-layouts":"default","ast-page-background-enabled":"default","ast-page-background-meta":{"desktop":{"background-color":"var(--ast-global-color-4)","background-image":"","background-repeat":"repeat","background-position":"center center","background-size":"auto","background-attachment":"scroll","background-type":"","background-media":"","overlay-type":"","overlay-color":"","overlay-opacity":"","overlay-gradient":""},"tablet":{"background-color":"","background-image":"","background-repeat":"repeat","background-position":"center center","background-size":"auto","background-attachment":"scroll","background-type":"","background-media":"","overlay-type":"","overlay-color":"","overlay-opacity":"","overlay-gradient":""},"mobile":{"background-color":"","background-image":"","background-repeat":"repeat","background-position":"center center","background-size":"auto","background-attachment":"scroll","background-type":"","background-media":"","overlay-type":"","overlay-color":"","overlay-opacity":"","overlay-gradient":""}},"ast-content-background-meta":{"desktop":{"background-color":"var(--ast-global-color-5)","background-image":"","background-repeat":"repeat","background-position":"center center","background-size":"auto","background-attachment":"scroll","background-type":"","background-media":"","overlay-type":"","overlay-color":"","overlay-opacity":"","overlay-gradient":""},"tablet":{"background-color":"var(--ast-global-color-5)","background-image":"","background-repeat":"repeat","background-position":"center center","background-size":"auto","background-attachment":"scroll","background-type":"","background-media":"","overlay-type":"","overlay-color":"","overlay-opacity":"","overlay-gradient":""},"mobile":{"background-color":"var(--ast-global-color-5)","background-image":"","background-repeat":"repeat","background-position":"center center","background-size":"auto","background-attachment":"scroll","background-type":"","background-media":"","overlay-type":"","overlay-color":"","overlay-opacity":"","overlay-gradient":""}},"footnotes":""},"class_list":["post-1956","page","type-page","status-publish","hentry"],"_links":{"self":[{"href":"https:\/\/talana.biz\/index.php\/wp-json\/wp\/v2\/pages\/1956","targetHints":{"allow":["GET"]}}],"collection":[{"href":"https:\/\/talana.biz\/index.php\/wp-json\/wp\/v2\/pages"}],"about":[{"href":"https:\/\/talana.biz\/index.php\/wp-json\/wp\/v2\/types\/page"}],"author":[{"embeddable":true,"href":"https:\/\/talana.biz\/index.php\/wp-json\/wp\/v2\/users\/1"}],"replies":[{"embeddable":true,"href":"https:\/\/talana.biz\/index.php\/wp-json\/wp\/v2\/comments?post=1956"}],"version-history":[{"count":13,"href":"https:\/\/talana.biz\/index.php\/wp-json\/wp\/v2\/pages\/1956\/revisions"}],"predecessor-version":[{"id":2179,"href":"https:\/\/talana.biz\/index.php\/wp-json\/wp\/v2\/pages\/1956\/revisions\/2179"}],"wp:attachment":[{"href":"https:\/\/talana.biz\/index.php\/wp-json\/wp\/v2\/media?parent=1956"}],"curies":[{"name":"wp","href":"https:\/\/api.w.org\/{rel}","templated":true}]}}