{"id":1769,"date":"2025-01-14T05:15:59","date_gmt":"2025-01-14T05:15:59","guid":{"rendered":"https:\/\/talana.biz\/?page_id=1769"},"modified":"2025-05-29T21:08:52","modified_gmt":"2025-05-29T21:08:52","slug":"foco","status":"publish","type":"page","link":"https:\/\/talana.biz\/index.php\/foco\/","title":{"rendered":"FOCO"},"content":{"rendered":"\t\t<div data-elementor-type=\"wp-page\" data-elementor-id=\"1769\" class=\"elementor elementor-1769\">\n\t\t\t\t<div class=\"elementor-element elementor-element-c767bd5 e-con-full e-flex e-con e-parent\" data-id=\"c767bd5\" data-element_type=\"container\">\n\t\t\t\t<div class=\"elementor-element elementor-element-9b8b303 elementor-widget__width-inherit elementor-widget elementor-widget-image\" data-id=\"9b8b303\" data-element_type=\"widget\" data-widget_type=\"image.default\">\n\t\t\t\t<div class=\"elementor-widget-container\">\n\t\t\t\t\t\t\t\t\t\t\t\t\t\t\t<img fetchpriority=\"high\" decoding=\"async\" width=\"1675\" height=\"906\" src=\"https:\/\/talana.biz\/wp-content\/uploads\/2025\/05\/bannerprincipalfoco.png\" class=\"attachment-2048x2048 size-2048x2048 wp-image-2011\" alt=\"\" srcset=\"https:\/\/talana.biz\/wp-content\/uploads\/2025\/05\/bannerprincipalfoco.png 1675w, https:\/\/talana.biz\/wp-content\/uploads\/2025\/05\/bannerprincipalfoco-300x162.png 300w, https:\/\/talana.biz\/wp-content\/uploads\/2025\/05\/bannerprincipalfoco-1024x554.png 1024w, https:\/\/talana.biz\/wp-content\/uploads\/2025\/05\/bannerprincipalfoco-768x415.png 768w, https:\/\/talana.biz\/wp-content\/uploads\/2025\/05\/bannerprincipalfoco-1536x831.png 1536w, https:\/\/talana.biz\/wp-content\/uploads\/2025\/05\/bannerprincipalfoco-600x325.png 600w\" sizes=\"(max-width: 1675px) 100vw, 1675px\" \/>\t\t\t\t\t\t\t\t\t\t\t\t\t\t\t<\/div>\n\t\t\t\t<\/div>\n\t\t\t\t<\/div>\n\t\t<div class=\"elementor-element elementor-element-c871402 e-flex e-con-boxed e-con e-parent\" data-id=\"c871402\" data-element_type=\"container\">\n\t\t\t\t\t<div class=\"e-con-inner\">\n\t\t\t\t<div class=\"elementor-element elementor-element-7cc9932 elementor-widget elementor-widget-heading\" data-id=\"7cc9932\" data-element_type=\"widget\" data-widget_type=\"heading.default\">\n\t\t\t\t<div class=\"elementor-widget-container\">\n\t\t\t\t\t<h5 class=\"elementor-heading-title elementor-size-default\">El distintivo FOCO reconoce a las empresas y centros infantiles \nque implementan pr\u00e1cticas de corresponsabilidad en el cuidado \ninfantil, asegurando que los ni\u00f1os y ni\u00f1as reciban atenci\u00f3n de \ncalidad mientras sus padres se desempe\u00f1an laboralmente.\n \u00a1Convi\u00e9rtete en parte de la red FOCO!<\/h5>\t\t\t\t<\/div>\n\t\t\t\t<\/div>\n\t\t\t\t\t<\/div>\n\t\t\t\t<\/div>\n\t\t<div class=\"elementor-element elementor-element-069723f e-flex e-con-boxed e-con e-parent\" data-id=\"069723f\" data-element_type=\"container\">\n\t\t\t\t\t<div class=\"e-con-inner\">\n\t\t\t\t<div class=\"elementor-element elementor-element-aa353d6 elementor-widget elementor-widget-heading\" data-id=\"aa353d6\" data-element_type=\"widget\" data-widget_type=\"heading.default\">\n\t\t\t\t<div class=\"elementor-widget-container\">\n\t\t\t\t\t<h2 class=\"elementor-heading-title elementor-size-default\">\u00bfQui\u00e9n eres?\n Seleccion\u00e1 la opci\u00f3n que mejor te \ndescriba para continuar:<\/h2>\t\t\t\t<\/div>\n\t\t\t\t<\/div>\n\t\t\t\t\t<\/div>\n\t\t\t\t<\/div>\n\t\t<div class=\"elementor-element elementor-element-b4b9371 e-flex e-con-boxed e-con e-parent\" data-id=\"b4b9371\" data-element_type=\"container\">\n\t\t\t\t\t<div class=\"e-con-inner\">\n\t\t<div class=\"elementor-element elementor-element-cd9a7b9 e-con-full e-flex e-con e-parent\" data-id=\"cd9a7b9\" data-element_type=\"container\">\n\t\t\t\t<div class=\"elementor-element elementor-element-8bdc9a5 elementor-widget elementor-widget-image\" data-id=\"8bdc9a5\" data-element_type=\"widget\" data-widget_type=\"image.default\">\n\t\t\t\t<div class=\"elementor-widget-container\">\n\t\t\t\t\t\t\t\t\t\t\t\t\t\t\t\t<a href=\"https:\/\/talana.biz\/index.php\/focofa\/\">\n\t\t\t\t\t\t\t<img decoding=\"async\" width=\"597\" height=\"682\" src=\"https:\/\/talana.biz\/wp-content\/uploads\/2025\/05\/Soypadrefamilia.png\" class=\"attachment-medium_large size-medium_large wp-image-2014\" alt=\"\" srcset=\"https:\/\/talana.biz\/wp-content\/uploads\/2025\/05\/Soypadrefamilia.png 597w, https:\/\/talana.biz\/wp-content\/uploads\/2025\/05\/Soypadrefamilia-263x300.png 263w\" sizes=\"(max-width: 597px) 100vw, 597px\" \/>\t\t\t\t\t\t\t\t<\/a>\n\t\t\t\t\t\t\t\t\t\t\t\t\t\t\t<\/div>\n\t\t\t\t<\/div>\n\t\t\t\t<\/div>\n\t\t<div class=\"elementor-element elementor-element-00c8f8f e-con-full e-flex e-con e-parent\" data-id=\"00c8f8f\" data-element_type=\"container\">\n\t\t\t\t<div class=\"elementor-element elementor-element-1a23e27 elementor-widget elementor-widget-image\" data-id=\"1a23e27\" data-element_type=\"widget\" data-widget_type=\"image.default\">\n\t\t\t\t<div class=\"elementor-widget-container\">\n\t\t\t\t\t\t\t\t\t\t\t\t\t\t\t\t<a href=\"https:\/\/talana.biz\/index.php\/fococi\/\">\n\t\t\t\t\t\t\t<img decoding=\"async\" width=\"596\" height=\"680\" src=\"https:\/\/talana.biz\/wp-content\/uploads\/2025\/05\/soycentroinfantil.png\" class=\"attachment-large size-large wp-image-2015\" alt=\"\" srcset=\"https:\/\/talana.biz\/wp-content\/uploads\/2025\/05\/soycentroinfantil.png 596w, https:\/\/talana.biz\/wp-content\/uploads\/2025\/05\/soycentroinfantil-263x300.png 263w\" sizes=\"(max-width: 596px) 100vw, 596px\" \/>\t\t\t\t\t\t\t\t<\/a>\n\t\t\t\t\t\t\t\t\t\t\t\t\t\t\t<\/div>\n\t\t\t\t<\/div>\n\t\t\t\t<\/div>\n\t\t\t\t\t<\/div>\n\t\t\t\t<\/div>\n\t\t<div class=\"elementor-element elementor-element-eb08567 e-flex e-con-boxed e-con e-parent\" data-id=\"eb08567\" data-element_type=\"container\">\n\t\t\t\t\t<div class=\"e-con-inner\">\n\t\t\t\t<div class=\"elementor-element elementor-element-1cf5ba9 elementor-widget elementor-widget-image\" data-id=\"1cf5ba9\" data-element_type=\"widget\" data-widget_type=\"image.default\">\n\t\t\t\t<div class=\"elementor-widget-container\">\n\t\t\t\t\t\t\t\t\t\t\t\t\t\t\t<img loading=\"lazy\" decoding=\"async\" width=\"300\" height=\"69\" src=\"https:\/\/talana.biz\/wp-content\/uploads\/2024\/11\/foco-18-300x69.png\" class=\"attachment-medium size-medium wp-image-1762\" alt=\"\" srcset=\"https:\/\/talana.biz\/wp-content\/uploads\/2024\/11\/foco-18-300x69.png 300w, https:\/\/talana.biz\/wp-content\/uploads\/2024\/11\/foco-18-1024x236.png 1024w, https:\/\/talana.biz\/wp-content\/uploads\/2024\/11\/foco-18-768x177.png 768w, https:\/\/talana.biz\/wp-content\/uploads\/2024\/11\/foco-18-1536x354.png 1536w, https:\/\/talana.biz\/wp-content\/uploads\/2024\/11\/foco-18-2048x472.png 2048w, https:\/\/talana.biz\/wp-content\/uploads\/2024\/11\/foco-18-600x138.png 600w\" sizes=\"(max-width: 300px) 100vw, 300px\" \/>\t\t\t\t\t\t\t\t\t\t\t\t\t\t\t<\/div>\n\t\t\t\t<\/div>\n\t\t\t\t\t<\/div>\n\t\t\t\t<\/div>\n\t\t\t\t<\/div>\n\t\t","protected":false},"excerpt":{"rendered":"<p>El distintivo FOCO reconoce a las empresas y centros infantiles que implementan pr\u00e1cticas de corresponsabilidad en el cuidado infantil, asegurando que los ni\u00f1os y ni\u00f1as reciban atenci\u00f3n de calidad mientras sus padres se desempe\u00f1an laboralmente. \u00a1Convi\u00e9rtete en parte de la red FOCO! \u00bfQui\u00e9n eres? Seleccion\u00e1 la opci\u00f3n que mejor te describa para continuar:<\/p>\n","protected":false},"author":1,"featured_media":0,"parent":0,"menu_order":0,"comment_status":"closed","ping_status":"closed","template":"","meta":{"site-sidebar-layout":"no-sidebar","site-content-layout":"page-builder","ast-site-content-layout":"default","site-content-style":"default","site-sidebar-style":"default","ast-global-header-display":"","ast-banner-title-visibility":"","ast-main-header-display":"","ast-hfb-above-header-display":"","ast-hfb-below-header-display":"","ast-hfb-mobile-header-display":"","site-post-title":"disabled","ast-breadcrumbs-content":"","ast-featured-img":"disabled","footer-sml-layout":"","ast-disable-related-posts":"","theme-transparent-header-meta":"","adv-header-id-meta":"","stick-header-meta":"","header-above-stick-meta":"","header-main-stick-meta":"","header-below-stick-meta":"","astra-migrate-meta-layouts":"default","ast-page-background-enabled":"default","ast-page-background-meta":{"desktop":{"background-color":"var(--ast-global-color-4)","background-image":"","background-repeat":"repeat","background-position":"center center","background-size":"auto","background-attachment":"scroll","background-type":"","background-media":"","overlay-type":"","overlay-color":"","overlay-opacity":"","overlay-gradient":""},"tablet":{"background-color":"","background-image":"","background-repeat":"repeat","background-position":"center center","background-size":"auto","background-attachment":"scroll","background-type":"","background-media":"","overlay-type":"","overlay-color":"","overlay-opacity":"","overlay-gradient":""},"mobile":{"background-color":"","background-image":"","background-repeat":"repeat","background-position":"center center","background-size":"auto","background-attachment":"scroll","background-type":"","background-media":"","overlay-type":"","overlay-color":"","overlay-opacity":"","overlay-gradient":""}},"ast-content-background-meta":{"desktop":{"background-color":"var(--ast-global-color-5)","background-image":"","background-repeat":"repeat","background-position":"center center","background-size":"auto","background-attachment":"scroll","background-type":"","background-media":"","overlay-type":"","overlay-color":"","overlay-opacity":"","overlay-gradient":""},"tablet":{"background-color":"var(--ast-global-color-5)","background-image":"","background-repeat":"repeat","background-position":"center center","background-size":"auto","background-attachment":"scroll","background-type":"","background-media":"","overlay-type":"","overlay-color":"","overlay-opacity":"","overlay-gradient":""},"mobile":{"background-color":"var(--ast-global-color-5)","background-image":"","background-repeat":"repeat","background-position":"center center","background-size":"auto","background-attachment":"scroll","background-type":"","background-media":"","overlay-type":"","overlay-color":"","overlay-opacity":"","overlay-gradient":""}},"footnotes":""},"class_list":["post-1769","page","type-page","status-publish","hentry"],"_links":{"self":[{"href":"https:\/\/talana.biz\/index.php\/wp-json\/wp\/v2\/pages\/1769","targetHints":{"allow":["GET"]}}],"collection":[{"href":"https:\/\/talana.biz\/index.php\/wp-json\/wp\/v2\/pages"}],"about":[{"href":"https:\/\/talana.biz\/index.php\/wp-json\/wp\/v2\/types\/page"}],"author":[{"embeddable":true,"href":"https:\/\/talana.biz\/index.php\/wp-json\/wp\/v2\/users\/1"}],"replies":[{"embeddable":true,"href":"https:\/\/talana.biz\/index.php\/wp-json\/wp\/v2\/comments?post=1769"}],"version-history":[{"count":37,"href":"https:\/\/talana.biz\/index.php\/wp-json\/wp\/v2\/pages\/1769\/revisions"}],"predecessor-version":[{"id":2047,"href":"https:\/\/talana.biz\/index.php\/wp-json\/wp\/v2\/pages\/1769\/revisions\/2047"}],"wp:attachment":[{"href":"https:\/\/talana.biz\/index.php\/wp-json\/wp\/v2\/media?parent=1769"}],"curies":[{"name":"wp","href":"https:\/\/api.w.org\/{rel}","templated":true}]}}