{"id":1464,"date":"2024-05-27T03:56:02","date_gmt":"2024-05-27T03:56:02","guid":{"rendered":"https:\/\/talana.biz\/?page_id=1464"},"modified":"2025-05-30T19:53:15","modified_gmt":"2025-05-30T19:53:15","slug":"servicios","status":"publish","type":"page","link":"https:\/\/talana.biz\/index.php\/servicios\/","title":{"rendered":"Servicios\u200b"},"content":{"rendered":"\t\t<div data-elementor-type=\"wp-page\" data-elementor-id=\"1464\" class=\"elementor elementor-1464\">\n\t\t\t\t<div class=\"elementor-element elementor-element-7a946d5 e-con-full e-flex e-con e-parent\" data-id=\"7a946d5\" data-element_type=\"container\">\n\t\t\t\t<div class=\"elementor-element elementor-element-cce5c60 elementor-widget__width-initial elementor-widget elementor-widget-image\" data-id=\"cce5c60\" data-element_type=\"widget\" data-widget_type=\"image.default\">\n\t\t\t\t<div class=\"elementor-widget-container\">\n\t\t\t\t\t\t\t\t\t\t\t\t\t\t\t<img fetchpriority=\"high\" decoding=\"async\" width=\"1536\" height=\"826\" src=\"https:\/\/talana.biz\/wp-content\/uploads\/2025\/05\/bannerservicios-1536x826.png\" class=\"attachment-1536x1536 size-1536x1536 wp-image-1942\" alt=\"\" srcset=\"https:\/\/talana.biz\/wp-content\/uploads\/2025\/05\/bannerservicios-1536x826.png 1536w, https:\/\/talana.biz\/wp-content\/uploads\/2025\/05\/bannerservicios-300x161.png 300w, https:\/\/talana.biz\/wp-content\/uploads\/2025\/05\/bannerservicios-1024x551.png 1024w, https:\/\/talana.biz\/wp-content\/uploads\/2025\/05\/bannerservicios-768x413.png 768w, https:\/\/talana.biz\/wp-content\/uploads\/2025\/05\/bannerservicios-600x323.png 600w, https:\/\/talana.biz\/wp-content\/uploads\/2025\/05\/bannerservicios.png 1682w\" sizes=\"(max-width: 1536px) 100vw, 1536px\" \/>\t\t\t\t\t\t\t\t\t\t\t\t\t\t\t<\/div>\n\t\t\t\t<\/div>\n\t\t\t\t<\/div>\n\t\t<div class=\"elementor-element elementor-element-cde8574 e-flex e-con-boxed e-con e-parent\" data-id=\"cde8574\" data-element_type=\"container\">\n\t\t\t\t\t<div class=\"e-con-inner\">\n\t\t\t\t<div class=\"elementor-element elementor-element-0cc2d41 elementor-widget elementor-widget-heading\" data-id=\"0cc2d41\" data-element_type=\"widget\" data-widget_type=\"heading.default\">\n\t\t\t\t<div class=\"elementor-widget-container\">\n\t\t\t\t\t<h1 class=\"elementor-heading-title elementor-size-default\">Crec\u00e9 con un equipo\n m\u00e1s fuerte y comprometido<\/h1>\t\t\t\t<\/div>\n\t\t\t\t<\/div>\n\t\t\t\t\t<\/div>\n\t\t\t\t<\/div>\n\t\t<div class=\"elementor-element elementor-element-2f4ce9a e-flex e-con-boxed e-con e-parent\" data-id=\"2f4ce9a\" data-element_type=\"container\">\n\t\t\t\t\t<div class=\"e-con-inner\">\n\t\t\t\t<div class=\"elementor-element elementor-element-f43354d elementor-widget elementor-widget-text-editor\" data-id=\"f43354d\" data-element_type=\"widget\" data-widget_type=\"text-editor.default\">\n\t\t\t\t<div class=\"elementor-widget-container\">\n\t\t\t\t\t\t\t\t\t<p style=\"text-align: center;\"><span style=\"color: #000000;\">Sabemos que un equipo equilibrado y satisfecho es clave para el \u00e9xito sostenible. Por eso, <\/span><br \/><span style=\"color: #000000;\">acompa\u00f1amos a su empresa en el desarrollo de estrategias innovadoras y sostenibles que <\/span><br \/><span style=\"color: #000000;\">mejoran la calidad de vida personal y familiar de sus colaboradores.<\/span><br \/><span style=\"color: #000000;\">Dise\u00f1amos soluciones de corresponsabilidad empresarial en el cuidado, adaptadas a las <\/span><br \/><span style=\"color: #000000;\">necesidades, caracter\u00edsticas y posibilidades de su organizaci\u00f3n, impulsando un entorno <\/span><br \/><span style=\"color: #000000;\">laboral m\u00e1s estable y eficiente.<\/span><\/p>\t\t\t\t\t\t\t\t<\/div>\n\t\t\t\t<\/div>\n\t\t\t\t\t<\/div>\n\t\t\t\t<\/div>\n\t\t<div class=\"elementor-element elementor-element-2d6f9d1 e-flex e-con-boxed e-con e-parent\" data-id=\"2d6f9d1\" data-element_type=\"container\">\n\t\t\t\t\t<div class=\"e-con-inner\">\n\t\t\t\t<div class=\"elementor-element elementor-element-68b5da2 elementor-widget elementor-widget-heading\" data-id=\"68b5da2\" data-element_type=\"widget\" data-widget_type=\"heading.default\">\n\t\t\t\t<div class=\"elementor-widget-container\">\n\t\t\t\t\t<h1 class=\"elementor-heading-title elementor-size-default\"> Servicios<\/h1>\t\t\t\t<\/div>\n\t\t\t\t<\/div>\n\t\t\t\t\t<\/div>\n\t\t\t\t<\/div>\n\t\t<div class=\"elementor-element elementor-element-c32441e e-flex e-con-boxed e-con e-parent\" data-id=\"c32441e\" data-element_type=\"container\">\n\t\t\t\t\t<div class=\"e-con-inner\">\n\t\t<div class=\"elementor-element elementor-element-84834d0 e-con-full e-flex e-con e-parent\" data-id=\"84834d0\" data-element_type=\"container\">\n\t\t\t\t<div class=\"elementor-element elementor-element-88fca19 elementor-widget elementor-widget-image\" data-id=\"88fca19\" data-element_type=\"widget\" data-widget_type=\"image.default\">\n\t\t\t\t<div class=\"elementor-widget-container\">\n\t\t\t\t\t\t\t\t\t\t\t\t\t\t\t\t<a href=\"https:\/\/talana.biz\/index.php\/diagnostico\/\">\n\t\t\t\t\t\t\t<img decoding=\"async\" width=\"502\" height=\"572\" src=\"https:\/\/talana.biz\/wp-content\/uploads\/2025\/05\/Diagnostico.png\" class=\"attachment-large size-large wp-image-1917\" alt=\"\" srcset=\"https:\/\/talana.biz\/wp-content\/uploads\/2025\/05\/Diagnostico.png 502w, https:\/\/talana.biz\/wp-content\/uploads\/2025\/05\/Diagnostico-263x300.png 263w\" sizes=\"(max-width: 502px) 100vw, 502px\" \/>\t\t\t\t\t\t\t\t<\/a>\n\t\t\t\t\t\t\t\t\t\t\t\t\t\t\t<\/div>\n\t\t\t\t<\/div>\n\t\t\t\t<\/div>\n\t\t<div class=\"elementor-element elementor-element-baea476 e-con-full e-flex e-con e-parent\" data-id=\"baea476\" data-element_type=\"container\">\n\t\t\t\t<div class=\"elementor-element elementor-element-d43761c elementor-widget elementor-widget-image\" data-id=\"d43761c\" data-element_type=\"widget\" data-widget_type=\"image.default\">\n\t\t\t\t<div class=\"elementor-widget-container\">\n\t\t\t\t\t\t\t\t\t\t\t\t\t\t\t\t<a href=\"https:\/\/talana.biz\/index.php\/programa\/\">\n\t\t\t\t\t\t\t<img decoding=\"async\" width=\"501\" height=\"572\" src=\"https:\/\/talana.biz\/wp-content\/uploads\/2025\/05\/programa-de-pago.png\" class=\"attachment-large size-large wp-image-1918\" alt=\"\" srcset=\"https:\/\/talana.biz\/wp-content\/uploads\/2025\/05\/programa-de-pago.png 501w, https:\/\/talana.biz\/wp-content\/uploads\/2025\/05\/programa-de-pago-263x300.png 263w\" sizes=\"(max-width: 501px) 100vw, 501px\" \/>\t\t\t\t\t\t\t\t<\/a>\n\t\t\t\t\t\t\t\t\t\t\t\t\t\t\t<\/div>\n\t\t\t\t<\/div>\n\t\t\t\t<\/div>\n\t\t<div class=\"elementor-element elementor-element-28cc708 e-con-full e-flex e-con e-parent\" data-id=\"28cc708\" data-element_type=\"container\">\n\t\t\t\t<div class=\"elementor-element elementor-element-250e13b elementor-widget elementor-widget-image\" data-id=\"250e13b\" data-element_type=\"widget\" data-widget_type=\"image.default\">\n\t\t\t\t<div class=\"elementor-widget-container\">\n\t\t\t\t\t\t\t\t\t\t\t\t\t\t\t\t<a href=\"https:\/\/talana.biz\/index.php\/programa-copy\/\">\n\t\t\t\t\t\t\t<img loading=\"lazy\" decoding=\"async\" width=\"502\" height=\"571\" src=\"https:\/\/talana.biz\/wp-content\/uploads\/2025\/05\/estrategia-de-balance.png\" class=\"attachment-large size-large wp-image-1919\" alt=\"\" srcset=\"https:\/\/talana.biz\/wp-content\/uploads\/2025\/05\/estrategia-de-balance.png 502w, https:\/\/talana.biz\/wp-content\/uploads\/2025\/05\/estrategia-de-balance-264x300.png 264w\" sizes=\"(max-width: 502px) 100vw, 502px\" \/>\t\t\t\t\t\t\t\t<\/a>\n\t\t\t\t\t\t\t\t\t\t\t\t\t\t\t<\/div>\n\t\t\t\t<\/div>\n\t\t\t\t<\/div>\n\t\t<div class=\"elementor-element elementor-element-d36acfb e-con-full e-flex e-con e-parent\" data-id=\"d36acfb\" data-element_type=\"container\">\n\t\t\t\t<div class=\"elementor-element elementor-element-f8886a1 elementor-widget elementor-widget-image\" data-id=\"f8886a1\" data-element_type=\"widget\" data-widget_type=\"image.default\">\n\t\t\t\t<div class=\"elementor-widget-container\">\n\t\t\t\t\t\t\t\t\t\t\t\t\t\t\t\t<a href=\"https:\/\/talana.biz\/index.php\/alianzas\/\">\n\t\t\t\t\t\t\t<img loading=\"lazy\" decoding=\"async\" width=\"501\" height=\"572\" src=\"https:\/\/talana.biz\/wp-content\/uploads\/2025\/05\/Analisis-de-centros.png\" class=\"attachment-large size-large wp-image-1920\" alt=\"\" srcset=\"https:\/\/talana.biz\/wp-content\/uploads\/2025\/05\/Analisis-de-centros.png 501w, https:\/\/talana.biz\/wp-content\/uploads\/2025\/05\/Analisis-de-centros-263x300.png 263w\" sizes=\"(max-width: 501px) 100vw, 501px\" \/>\t\t\t\t\t\t\t\t<\/a>\n\t\t\t\t\t\t\t\t\t\t\t\t\t\t\t<\/div>\n\t\t\t\t<\/div>\n\t\t\t\t<\/div>\n\t\t<div class=\"elementor-element elementor-element-fc1b81a e-con-full e-flex e-con e-parent\" data-id=\"fc1b81a\" data-element_type=\"container\">\n\t\t\t\t<div class=\"elementor-element elementor-element-0dca941 elementor-widget elementor-widget-image\" data-id=\"0dca941\" data-element_type=\"widget\" data-widget_type=\"image.default\">\n\t\t\t\t<div class=\"elementor-widget-container\">\n\t\t\t\t\t\t\t\t\t\t\t\t\t\t\t\t<a href=\"https:\/\/talana.biz\/index.php\/sensibilizacion\/\">\n\t\t\t\t\t\t\t<img loading=\"lazy\" decoding=\"async\" width=\"500\" height=\"570\" src=\"https:\/\/talana.biz\/wp-content\/uploads\/2025\/05\/sensibilizacion-.png\" class=\"attachment-large size-large wp-image-1921\" alt=\"\" srcset=\"https:\/\/talana.biz\/wp-content\/uploads\/2025\/05\/sensibilizacion-.png 500w, https:\/\/talana.biz\/wp-content\/uploads\/2025\/05\/sensibilizacion--263x300.png 263w\" sizes=\"(max-width: 500px) 100vw, 500px\" \/>\t\t\t\t\t\t\t\t<\/a>\n\t\t\t\t\t\t\t\t\t\t\t\t\t\t\t<\/div>\n\t\t\t\t<\/div>\n\t\t\t\t<\/div>\n\t\t<div class=\"elementor-element elementor-element-c01f266 e-con-full e-flex e-con e-parent\" data-id=\"c01f266\" data-element_type=\"container\">\n\t\t\t\t<\/div>\n\t\t\t\t\t<\/div>\n\t\t\t\t<\/div>\n\t\t<div class=\"elementor-element elementor-element-577abc4 e-flex e-con-boxed e-con e-parent\" data-id=\"577abc4\" data-element_type=\"container\">\n\t\t\t\t\t<div class=\"e-con-inner\">\n\t\t<div class=\"elementor-element elementor-element-148f810 e-con-full e-flex e-con e-parent\" data-id=\"148f810\" data-element_type=\"container\">\n\t\t\t\t<div class=\"elementor-element elementor-element-ca3297a elementor-widget elementor-widget-image\" data-id=\"ca3297a\" data-element_type=\"widget\" data-widget_type=\"image.default\">\n\t\t\t\t<div class=\"elementor-widget-container\">\n\t\t\t\t\t\t\t\t\t\t\t\t\t\t\t<img loading=\"lazy\" decoding=\"async\" width=\"1024\" height=\"830\" src=\"https:\/\/talana.biz\/wp-content\/uploads\/2025\/05\/sindescuidoservicios-1024x830.png\" class=\"attachment-large size-large wp-image-1943\" alt=\"\" srcset=\"https:\/\/talana.biz\/wp-content\/uploads\/2025\/05\/sindescuidoservicios-1024x830.png 1024w, https:\/\/talana.biz\/wp-content\/uploads\/2025\/05\/sindescuidoservicios-300x243.png 300w, https:\/\/talana.biz\/wp-content\/uploads\/2025\/05\/sindescuidoservicios-768x622.png 768w, https:\/\/talana.biz\/wp-content\/uploads\/2025\/05\/sindescuidoservicios-600x486.png 600w, https:\/\/talana.biz\/wp-content\/uploads\/2025\/05\/sindescuidoservicios.png 1111w\" sizes=\"(max-width: 1024px) 100vw, 1024px\" \/>\t\t\t\t\t\t\t\t\t\t\t\t\t\t\t<\/div>\n\t\t\t\t<\/div>\n\t\t\t\t<\/div>\n\t\t<div class=\"elementor-element elementor-element-6f697e5 e-con-full e-flex e-con e-parent\" data-id=\"6f697e5\" data-element_type=\"container\">\n\t\t\t\t<div class=\"elementor-element elementor-element-7f7264a elementor-widget elementor-widget-image\" data-id=\"7f7264a\" data-element_type=\"widget\" data-widget_type=\"image.default\">\n\t\t\t\t<div class=\"elementor-widget-container\">\n\t\t\t\t\t\t\t\t\t\t\t\t\t\t\t<img loading=\"lazy\" decoding=\"async\" width=\"1024\" height=\"296\" src=\"https:\/\/talana.biz\/wp-content\/uploads\/2025\/05\/web-Talana-2025servicios-13-1024x296.png\" class=\"attachment-large size-large wp-image-1944\" alt=\"\" srcset=\"https:\/\/talana.biz\/wp-content\/uploads\/2025\/05\/web-Talana-2025servicios-13-1024x296.png 1024w, https:\/\/talana.biz\/wp-content\/uploads\/2025\/05\/web-Talana-2025servicios-13-300x87.png 300w, https:\/\/talana.biz\/wp-content\/uploads\/2025\/05\/web-Talana-2025servicios-13-768x222.png 768w, https:\/\/talana.biz\/wp-content\/uploads\/2025\/05\/web-Talana-2025servicios-13-1536x444.png 1536w, https:\/\/talana.biz\/wp-content\/uploads\/2025\/05\/web-Talana-2025servicios-13-2048x592.png 2048w, https:\/\/talana.biz\/wp-content\/uploads\/2025\/05\/web-Talana-2025servicios-13-600x174.png 600w\" sizes=\"(max-width: 1024px) 100vw, 1024px\" \/>\t\t\t\t\t\t\t\t\t\t\t\t\t\t\t<\/div>\n\t\t\t\t<\/div>\n\t\t\t\t<div class=\"elementor-element elementor-element-7fcab59 elementor-widget elementor-widget-text-editor\" data-id=\"7fcab59\" data-element_type=\"widget\" data-widget_type=\"text-editor.default\">\n\t\t\t\t<div class=\"elementor-widget-container\">\n\t\t\t\t\t\t\t\t\t<p style=\"text-align: center;\">Sin Descuidos es un proyecto dise\u00f1ado para <br \/>ayudar a las empresas a que sus colaboradores <br \/>puedan balancear sus responsabilidades <br \/>familiares y laborales. Conoc\u00e9 las condiciones <br \/>especiales que tenemos para las primeras 12 <br \/>empresas participantes..<\/p>\t\t\t\t\t\t\t\t<\/div>\n\t\t\t\t<\/div>\n\t\t\t\t<div class=\"elementor-element elementor-element-be6210b elementor-align-center elementor-widget elementor-widget-button\" data-id=\"be6210b\" data-element_type=\"widget\" data-widget_type=\"button.default\">\n\t\t\t\t<div class=\"elementor-widget-container\">\n\t\t\t\t\t\t\t\t\t<div class=\"elementor-button-wrapper\">\n\t\t\t\t\t<a class=\"elementor-button elementor-button-link elementor-size-sm\" href=\"https:\/\/talana.biz\/index.php\/sin-descuidos\/\">\n\t\t\t\t\t\t<span class=\"elementor-button-content-wrapper\">\n\t\t\t\t\t\t\t\t\t<span class=\"elementor-button-text\">M\u00e1s informaci\u00f3n<\/span>\n\t\t\t\t\t<\/span>\n\t\t\t\t\t<\/a>\n\t\t\t\t<\/div>\n\t\t\t\t\t\t\t\t<\/div>\n\t\t\t\t<\/div>\n\t\t\t\t<\/div>\n\t\t\t\t\t<\/div>\n\t\t\t\t<\/div>\n\t\t<div class=\"elementor-element elementor-element-255e6cb e-flex e-con-boxed e-con e-parent\" data-id=\"255e6cb\" data-element_type=\"container\">\n\t\t\t\t\t<div class=\"e-con-inner\">\n\t\t<div class=\"elementor-element elementor-element-74fa41f e-con-full e-flex e-con e-parent\" data-id=\"74fa41f\" data-element_type=\"container\">\n\t\t\t\t<div class=\"elementor-element elementor-element-6f92064 elementor-widget elementor-widget-spacer\" data-id=\"6f92064\" data-element_type=\"widget\" data-widget_type=\"spacer.default\">\n\t\t\t\t<div class=\"elementor-widget-container\">\n\t\t\t\t\t\t\t<div class=\"elementor-spacer\">\n\t\t\t<div class=\"elementor-spacer-inner\"><\/div>\n\t\t<\/div>\n\t\t\t\t\t\t<\/div>\n\t\t\t\t<\/div>\n\t\t\t\t<div class=\"elementor-element elementor-element-20a444e elementor-widget elementor-widget-image\" data-id=\"20a444e\" data-element_type=\"widget\" data-widget_type=\"image.default\">\n\t\t\t\t<div class=\"elementor-widget-container\">\n\t\t\t\t\t\t\t\t\t\t\t\t\t\t\t<img loading=\"lazy\" decoding=\"async\" width=\"150\" height=\"150\" src=\"https:\/\/talana.biz\/wp-content\/uploads\/2025\/05\/web-Talana-2025servicios-16-150x150.png\" class=\"attachment-thumbnail size-thumbnail wp-image-1946\" alt=\"\" srcset=\"https:\/\/talana.biz\/wp-content\/uploads\/2025\/05\/web-Talana-2025servicios-16-150x150.png 150w, https:\/\/talana.biz\/wp-content\/uploads\/2025\/05\/web-Talana-2025servicios-16-298x300.png 298w, https:\/\/talana.biz\/wp-content\/uploads\/2025\/05\/web-Talana-2025servicios-16-1016x1024.png 1016w, https:\/\/talana.biz\/wp-content\/uploads\/2025\/05\/web-Talana-2025servicios-16-768x774.png 768w, https:\/\/talana.biz\/wp-content\/uploads\/2025\/05\/web-Talana-2025servicios-16-1524x1536.png 1524w, https:\/\/talana.biz\/wp-content\/uploads\/2025\/05\/web-Talana-2025servicios-16-300x300.png 300w, https:\/\/talana.biz\/wp-content\/uploads\/2025\/05\/web-Talana-2025servicios-16-600x605.png 600w, https:\/\/talana.biz\/wp-content\/uploads\/2025\/05\/web-Talana-2025servicios-16-100x100.png 100w, https:\/\/talana.biz\/wp-content\/uploads\/2025\/05\/web-Talana-2025servicios-16.png 1804w\" sizes=\"(max-width: 150px) 100vw, 150px\" \/>\t\t\t\t\t\t\t\t\t\t\t\t\t\t\t<\/div>\n\t\t\t\t<\/div>\n\t\t\t\t<div class=\"elementor-element elementor-element-fa8fd52 elementor-widget elementor-widget-text-editor\" data-id=\"fa8fd52\" data-element_type=\"widget\" data-widget_type=\"text-editor.default\">\n\t\t\t\t<div class=\"elementor-widget-container\">\n\t\t\t\t\t\t\t\t\t<p style=\"text-align: center;\"><span style=\"color: #fa8607;\"><strong>Convert\u00ed tu centro infantil en <\/strong><\/span><br \/><span style=\"color: #fa8607;\"><strong>un referente de calidad y <\/strong><\/span><br \/><span style=\"color: #fa8607;\"><strong>corresponsabilidad<\/strong><\/span><\/p>\t\t\t\t\t\t\t\t<\/div>\n\t\t\t\t<\/div>\n\t\t\t\t<div class=\"elementor-element elementor-element-c9d4f22 elementor-align-center elementor-widget elementor-widget-button\" data-id=\"c9d4f22\" data-element_type=\"widget\" data-widget_type=\"button.default\">\n\t\t\t\t<div class=\"elementor-widget-container\">\n\t\t\t\t\t\t\t\t\t<div class=\"elementor-button-wrapper\">\n\t\t\t\t\t<a class=\"elementor-button elementor-button-link elementor-size-sm\" href=\"https:\/\/talana.biz\/index.php\/foco\/\">\n\t\t\t\t\t\t<span class=\"elementor-button-content-wrapper\">\n\t\t\t\t\t\t\t\t\t<span class=\"elementor-button-text\">M\u00e1s informaci\u00f3n<\/span>\n\t\t\t\t\t<\/span>\n\t\t\t\t\t<\/a>\n\t\t\t\t<\/div>\n\t\t\t\t\t\t\t\t<\/div>\n\t\t\t\t<\/div>\n\t\t\t\t<\/div>\n\t\t<div class=\"elementor-element elementor-element-4954e04 e-con-full e-flex e-con e-parent\" data-id=\"4954e04\" data-element_type=\"container\">\n\t\t\t\t<div class=\"elementor-element elementor-element-1ce6069 elementor-widget elementor-widget-image\" data-id=\"1ce6069\" data-element_type=\"widget\" data-widget_type=\"image.default\">\n\t\t\t\t<div class=\"elementor-widget-container\">\n\t\t\t\t\t\t\t\t\t\t\t\t\t\t\t<img loading=\"lazy\" decoding=\"async\" width=\"1024\" height=\"832\" src=\"https:\/\/talana.biz\/wp-content\/uploads\/2025\/05\/servicosfoco-1024x832.png\" class=\"attachment-large size-large wp-image-1947\" alt=\"\" srcset=\"https:\/\/talana.biz\/wp-content\/uploads\/2025\/05\/servicosfoco-1024x832.png 1024w, https:\/\/talana.biz\/wp-content\/uploads\/2025\/05\/servicosfoco-300x244.png 300w, https:\/\/talana.biz\/wp-content\/uploads\/2025\/05\/servicosfoco-768x624.png 768w, https:\/\/talana.biz\/wp-content\/uploads\/2025\/05\/servicosfoco-600x487.png 600w, https:\/\/talana.biz\/wp-content\/uploads\/2025\/05\/servicosfoco.png 1108w\" sizes=\"(max-width: 1024px) 100vw, 1024px\" \/>\t\t\t\t\t\t\t\t\t\t\t\t\t\t\t<\/div>\n\t\t\t\t<\/div>\n\t\t\t\t<\/div>\n\t\t\t\t\t<\/div>\n\t\t\t\t<\/div>\n\t\t<div class=\"elementor-element elementor-element-e7cf916 e-flex e-con-boxed e-con e-parent\" data-id=\"e7cf916\" data-element_type=\"container\">\n\t\t\t\t\t<div class=\"e-con-inner\">\n\t\t\t\t\t<\/div>\n\t\t\t\t<\/div>\n\t\t\t\t<\/div>\n\t\t","protected":false},"excerpt":{"rendered":"<p>Crec\u00e9 con un equipo m\u00e1s fuerte y comprometido Sabemos que un equipo equilibrado y satisfecho es clave para el \u00e9xito sostenible. Por eso, acompa\u00f1amos a su empresa en el desarrollo de estrategias innovadoras y sostenibles que mejoran la calidad de vida personal y familiar de sus colaboradores.Dise\u00f1amos soluciones de corresponsabilidad empresarial en el cuidado, adaptadas [&hellip;]<\/p>\n","protected":false},"author":1,"featured_media":0,"parent":0,"menu_order":0,"comment_status":"closed","ping_status":"closed","template":"","meta":{"site-sidebar-layout":"no-sidebar","site-content-layout":"page-builder","ast-site-content-layout":"default","site-content-style":"default","site-sidebar-style":"default","ast-global-header-display":"","ast-banner-title-visibility":"","ast-main-header-display":"","ast-hfb-above-header-display":"","ast-hfb-below-header-display":"","ast-hfb-mobile-header-display":"","site-post-title":"disabled","ast-breadcrumbs-content":"","ast-featured-img":"disabled","footer-sml-layout":"","ast-disable-related-posts":"","theme-transparent-header-meta":"","adv-header-id-meta":"","stick-header-meta":"","header-above-stick-meta":"","header-main-stick-meta":"","header-below-stick-meta":"","astra-migrate-meta-layouts":"default","ast-page-background-enabled":"default","ast-page-background-meta":{"desktop":{"background-color":"var(--ast-global-color-4)","background-image":"","background-repeat":"repeat","background-position":"center center","background-size":"auto","background-attachment":"scroll","background-type":"","background-media":"","overlay-type":"","overlay-color":"","overlay-opacity":"","overlay-gradient":""},"tablet":{"background-color":"","background-image":"","background-repeat":"repeat","background-position":"center center","background-size":"auto","background-attachment":"scroll","background-type":"","background-media":"","overlay-type":"","overlay-color":"","overlay-opacity":"","overlay-gradient":""},"mobile":{"background-color":"","background-image":"","background-repeat":"repeat","background-position":"center center","background-size":"auto","background-attachment":"scroll","background-type":"","background-media":"","overlay-type":"","overlay-color":"","overlay-opacity":"","overlay-gradient":""}},"ast-content-background-meta":{"desktop":{"background-color":"var(--ast-global-color-5)","background-image":"","background-repeat":"repeat","background-position":"center center","background-size":"auto","background-attachment":"scroll","background-type":"","background-media":"","overlay-type":"","overlay-color":"","overlay-opacity":"","overlay-gradient":""},"tablet":{"background-color":"var(--ast-global-color-5)","background-image":"","background-repeat":"repeat","background-position":"center center","background-size":"auto","background-attachment":"scroll","background-type":"","background-media":"","overlay-type":"","overlay-color":"","overlay-opacity":"","overlay-gradient":""},"mobile":{"background-color":"var(--ast-global-color-5)","background-image":"","background-repeat":"repeat","background-position":"center center","background-size":"auto","background-attachment":"scroll","background-type":"","background-media":"","overlay-type":"","overlay-color":"","overlay-opacity":"","overlay-gradient":""}},"footnotes":""},"class_list":["post-1464","page","type-page","status-publish","hentry"],"_links":{"self":[{"href":"https:\/\/talana.biz\/index.php\/wp-json\/wp\/v2\/pages\/1464","targetHints":{"allow":["GET"]}}],"collection":[{"href":"https:\/\/talana.biz\/index.php\/wp-json\/wp\/v2\/pages"}],"about":[{"href":"https:\/\/talana.biz\/index.php\/wp-json\/wp\/v2\/types\/page"}],"author":[{"embeddable":true,"href":"https:\/\/talana.biz\/index.php\/wp-json\/wp\/v2\/users\/1"}],"replies":[{"embeddable":true,"href":"https:\/\/talana.biz\/index.php\/wp-json\/wp\/v2\/comments?post=1464"}],"version-history":[{"count":34,"href":"https:\/\/talana.biz\/index.php\/wp-json\/wp\/v2\/pages\/1464\/revisions"}],"predecessor-version":[{"id":2126,"href":"https:\/\/talana.biz\/index.php\/wp-json\/wp\/v2\/pages\/1464\/revisions\/2126"}],"wp:attachment":[{"href":"https:\/\/talana.biz\/index.php\/wp-json\/wp\/v2\/media?parent=1464"}],"curies":[{"name":"wp","href":"https:\/\/api.w.org\/{rel}","templated":true}]}}