{"id":1319,"date":"2024-05-13T15:54:26","date_gmt":"2024-05-13T15:54:26","guid":{"rendered":"https:\/\/talana.biz\/?page_id=1319"},"modified":"2025-05-30T19:40:50","modified_gmt":"2025-05-30T19:40:50","slug":"quienes-somos","status":"publish","type":"page","link":"https:\/\/talana.biz\/index.php\/quienes-somos\/","title":{"rendered":"Qui\u00e9nes somos\u200b"},"content":{"rendered":"\t\t<div data-elementor-type=\"wp-page\" data-elementor-id=\"1319\" class=\"elementor elementor-1319\">\n\t\t\t\t<div class=\"elementor-element elementor-element-68b3057 e-con-full e-flex e-con e-parent\" data-id=\"68b3057\" data-element_type=\"container\">\n\t\t\t\t<div class=\"elementor-element elementor-element-0de1a77 elementor-widget elementor-widget-image\" data-id=\"0de1a77\" data-element_type=\"widget\" data-widget_type=\"image.default\">\n\t\t\t\t<div class=\"elementor-widget-container\">\n\t\t\t\t\t\t\t\t\t\t\t\t\t\t\t<img fetchpriority=\"high\" decoding=\"async\" width=\"1690\" height=\"905\" src=\"https:\/\/talana.biz\/wp-content\/uploads\/2025\/05\/banner-sobre-nosotros.png\" class=\"attachment-2048x2048 size-2048x2048 wp-image-1934\" alt=\"\" srcset=\"https:\/\/talana.biz\/wp-content\/uploads\/2025\/05\/banner-sobre-nosotros.png 1690w, https:\/\/talana.biz\/wp-content\/uploads\/2025\/05\/banner-sobre-nosotros-300x161.png 300w, https:\/\/talana.biz\/wp-content\/uploads\/2025\/05\/banner-sobre-nosotros-1024x548.png 1024w, https:\/\/talana.biz\/wp-content\/uploads\/2025\/05\/banner-sobre-nosotros-768x411.png 768w, https:\/\/talana.biz\/wp-content\/uploads\/2025\/05\/banner-sobre-nosotros-1536x823.png 1536w, https:\/\/talana.biz\/wp-content\/uploads\/2025\/05\/banner-sobre-nosotros-600x321.png 600w\" sizes=\"(max-width: 1690px) 100vw, 1690px\" \/>\t\t\t\t\t\t\t\t\t\t\t\t\t\t\t<\/div>\n\t\t\t\t<\/div>\n\t\t\t\t<div class=\"elementor-element elementor-element-c018f20 elementor-widget elementor-widget-spacer\" data-id=\"c018f20\" data-element_type=\"widget\" data-widget_type=\"spacer.default\">\n\t\t\t\t<div class=\"elementor-widget-container\">\n\t\t\t\t\t\t\t<div class=\"elementor-spacer\">\n\t\t\t<div class=\"elementor-spacer-inner\"><\/div>\n\t\t<\/div>\n\t\t\t\t\t\t<\/div>\n\t\t\t\t<\/div>\n\t\t\t\t<\/div>\n\t\t<div class=\"elementor-element elementor-element-9c74932 e-flex e-con-boxed e-con e-parent\" data-id=\"9c74932\" data-element_type=\"container\">\n\t\t\t\t\t<div class=\"e-con-inner\">\n\t\t\t\t<div class=\"elementor-element elementor-element-905635a elementor-widget elementor-widget-heading\" data-id=\"905635a\" data-element_type=\"widget\" data-widget_type=\"heading.default\">\n\t\t\t\t<div class=\"elementor-widget-container\">\n\t\t\t\t\t<h2 class=\"elementor-heading-title elementor-size-default\"> Transformamos la manera en que las empresas\n asumen la corresponsabilidad de los cuidados. <\/h2>\t\t\t\t<\/div>\n\t\t\t\t<\/div>\n\t\t\t\t\t<\/div>\n\t\t\t\t<\/div>\n\t\t<div class=\"elementor-element elementor-element-1c9309e e-flex e-con-boxed e-con e-parent\" data-id=\"1c9309e\" data-element_type=\"container\">\n\t\t\t\t\t<div class=\"e-con-inner\">\n\t\t\t\t<div class=\"elementor-element elementor-element-3fd2a37 elementor-widget elementor-widget-spacer\" data-id=\"3fd2a37\" data-element_type=\"widget\" data-widget_type=\"spacer.default\">\n\t\t\t\t<div class=\"elementor-widget-container\">\n\t\t\t\t\t\t\t<div class=\"elementor-spacer\">\n\t\t\t<div class=\"elementor-spacer-inner\"><\/div>\n\t\t<\/div>\n\t\t\t\t\t\t<\/div>\n\t\t\t\t<\/div>\n\t\t\t\t\t<\/div>\n\t\t\t\t<\/div>\n\t\t<div class=\"elementor-element elementor-element-4ef1e4f e-flex e-con-boxed e-con e-parent\" data-id=\"4ef1e4f\" data-element_type=\"container\">\n\t\t\t\t\t<div class=\"e-con-inner\">\n\t\t\t\t<div class=\"elementor-element elementor-element-a589b8f elementor-widget elementor-widget-text-editor\" data-id=\"a589b8f\" data-element_type=\"widget\" data-widget_type=\"text-editor.default\">\n\t\t\t\t<div class=\"elementor-widget-container\">\n\t\t\t\t\t\t\t\t\t<p style=\"text-align: center;\"><span style=\"color: #000000;\">Talana by Grupo DEHVI es una organizaci\u00f3n pionera en Costa Rica en la creaci\u00f3n de estrategias <\/span><br \/><span style=\"color: #000000;\">de corresponsabilidad social del cuidado. Desde 2011, hemos trabajado junto a Fundaci\u00f3n <\/span><br \/><span style=\"color: #000000;\">DEHVI para desarrollar programas empresariales que equilibren la vida laboral y las <\/span><br \/><span style=\"color: #000000;\">responsabilidades de cuidado de los colaboradores.<\/span><br \/><span style=\"color: #000000;\">En 2017, dise\u00f1amos e implementamos el primer programa de pago compartido para el <\/span><br \/><span style=\"color: #000000;\">cuidado infantil en una empresa.Desde entonces, hemos llevado esta iniciativa a m\u00e1s de 10 <\/span><br \/><span style=\"color: #000000;\">empresas, beneficiando a ni\u00f1os y ni\u00f1as y sus familias.<\/span><br \/><span style=\"color: #000000;\">Entre 2019 y 2022, desarrollamos el proyecto de cooperaci\u00f3n internacional Gane Tr3s, en alianza <\/span><br \/><span style=\"color: #000000;\">con la Alianza Empresarial para el Desarrollo (AED) y el Banco Interamericano de Desarrollo <\/span><br \/><span style=\"color: #000000;\">(BID). Este proyecto evalu\u00f3 y fortaleci\u00f3 los esquemas de pago compartido, impulsando la <\/span><br \/><span style=\"color: #000000;\">empleabilidad femenina y mejorando la calidad de los centros de cuidado infantil.<\/span><\/p>\t\t\t\t\t\t\t\t<\/div>\n\t\t\t\t<\/div>\n\t\t\t\t\t<\/div>\n\t\t\t\t<\/div>\n\t\t<div class=\"elementor-element elementor-element-d41bf82 e-flex e-con-boxed e-con e-parent\" data-id=\"d41bf82\" data-element_type=\"container\">\n\t\t\t\t\t<div class=\"e-con-inner\">\n\t\t<div class=\"elementor-element elementor-element-4e63d35 e-con-full e-flex e-con e-child\" data-id=\"4e63d35\" data-element_type=\"container\">\n\t\t\t\t<div class=\"elementor-element elementor-element-cd80665 elementor-widget elementor-widget-image\" data-id=\"cd80665\" data-element_type=\"widget\" data-widget_type=\"image.default\">\n\t\t\t\t<div class=\"elementor-widget-container\">\n\t\t\t\t\t\t\t\t\t\t\t\t\t\t\t<img decoding=\"async\" width=\"607\" height=\"405\" src=\"https:\/\/talana.biz\/wp-content\/uploads\/2025\/05\/sin-descuidosss.png\" class=\"attachment-large size-large wp-image-1935\" alt=\"\" srcset=\"https:\/\/talana.biz\/wp-content\/uploads\/2025\/05\/sin-descuidosss.png 607w, https:\/\/talana.biz\/wp-content\/uploads\/2025\/05\/sin-descuidosss-300x200.png 300w, https:\/\/talana.biz\/wp-content\/uploads\/2025\/05\/sin-descuidosss-600x400.png 600w\" sizes=\"(max-width: 607px) 100vw, 607px\" \/>\t\t\t\t\t\t\t\t\t\t\t\t\t\t\t<\/div>\n\t\t\t\t<\/div>\n\t\t\t\t<\/div>\n\t\t<div class=\"elementor-element elementor-element-aa1f2c6 e-con-full e-flex e-con e-child\" data-id=\"aa1f2c6\" data-element_type=\"container\">\n\t\t\t\t<div class=\"elementor-element elementor-element-d603442 elementor-widget elementor-widget-text-editor\" data-id=\"d603442\" data-element_type=\"widget\" data-widget_type=\"text-editor.default\">\n\t\t\t\t<div class=\"elementor-widget-container\">\n\t\t\t\t\t\t\t\t\t<p style=\"text-align: center;\"><span style=\"color: #000000;\">Con esta experiencia en programas el <\/span><br \/><span style=\"color: #000000;\">cuidado infantil, Talana lanz\u00f3 en el <\/span><br \/><span style=\"color: #000000;\">2023 el proyecto <strong>Sin descuidos<\/strong>, con el <\/span><br \/><span style=\"color: #000000;\">apoyo de Fundaci\u00f3n CRUSA, en el cual <\/span><br \/><span style=\"color: #000000;\">se desarrollan diagn\u00f3sticos y <\/span><br \/><span style=\"color: #000000;\">estrategias para atender el cuidado de <\/span><br \/><span style=\"color: #000000;\">ni\u00f1os y de personas en situaci\u00f3n de <\/span><br \/><span style=\"color: #000000;\">dependencia (personas adultas <\/span><br \/><span style=\"color: #000000;\">mayores o con discapacidad) a cargo <\/span><br \/><span style=\"color: #000000;\">de los colaboradores de las empresas.<\/span><\/p>\t\t\t\t\t\t\t\t<\/div>\n\t\t\t\t<\/div>\n\t\t\t\t<div class=\"elementor-element elementor-element-432a9fd elementor-align-center elementor-widget elementor-widget-button\" data-id=\"432a9fd\" data-element_type=\"widget\" data-widget_type=\"button.default\">\n\t\t\t\t<div class=\"elementor-widget-container\">\n\t\t\t\t\t\t\t\t\t<div class=\"elementor-button-wrapper\">\n\t\t\t\t\t<a class=\"elementor-button elementor-button-link elementor-size-sm\" href=\"https:\/\/talana.biz\/index.php\/sin-descuidos\/\">\n\t\t\t\t\t\t<span class=\"elementor-button-content-wrapper\">\n\t\t\t\t\t\t\t\t\t<span class=\"elementor-button-text\">M\u00e1s Informaci\u00f3n<\/span>\n\t\t\t\t\t<\/span>\n\t\t\t\t\t<\/a>\n\t\t\t\t<\/div>\n\t\t\t\t\t\t\t\t<\/div>\n\t\t\t\t<\/div>\n\t\t\t\t<\/div>\n\t\t\t\t\t<\/div>\n\t\t\t\t<\/div>\n\t\t<div class=\"elementor-element elementor-element-9821465 e-flex e-con-boxed e-con e-parent\" data-id=\"9821465\" data-element_type=\"container\">\n\t\t\t\t\t<div class=\"e-con-inner\">\n\t\t\t\t<div class=\"elementor-element elementor-element-efbcf86 elementor-widget elementor-widget-heading\" data-id=\"efbcf86\" data-element_type=\"widget\" data-widget_type=\"heading.default\">\n\t\t\t\t<div class=\"elementor-widget-container\">\n\t\t\t\t\t<h1 class=\"elementor-heading-title elementor-size-default\">\u00bfQu\u00e9 Hacemos?<\/h1>\t\t\t\t<\/div>\n\t\t\t\t<\/div>\n\t\t\t\t\t<\/div>\n\t\t\t\t<\/div>\n\t\t<div class=\"elementor-element elementor-element-7596cc5 e-flex e-con-boxed e-con e-parent\" data-id=\"7596cc5\" data-element_type=\"container\">\n\t\t\t\t\t<div class=\"e-con-inner\">\n\t\t\t\t<div class=\"elementor-element elementor-element-b7570b3 elementor-widget elementor-widget-text-editor\" data-id=\"b7570b3\" data-element_type=\"widget\" data-widget_type=\"text-editor.default\">\n\t\t\t\t<div class=\"elementor-widget-container\">\n\t\t\t\t\t\t\t\t\t<p style=\"text-align: center;\"><span style=\"color: #0270cb;\">\u00a0Para nosotros es fundamental crear estrategias innovadoras y sostenibles en las empresas, <\/span><br \/><span style=\"color: #0270cb;\">por lo cual impulsamos programas de Triple Bienestar\u00a0<\/span><\/p>\t\t\t\t\t\t\t\t<\/div>\n\t\t\t\t<\/div>\n\t\t\t\t\t<\/div>\n\t\t\t\t<\/div>\n\t\t<div class=\"elementor-element elementor-element-fa852aa e-flex e-con-boxed e-con e-parent\" data-id=\"fa852aa\" data-element_type=\"container\">\n\t\t\t\t\t<div class=\"e-con-inner\">\n\t\t<div class=\"elementor-element elementor-element-388689a e-con-full e-flex e-con e-child\" data-id=\"388689a\" data-element_type=\"container\">\n\t\t\t\t<\/div>\n\t\t<div class=\"elementor-element elementor-element-7384976 e-con-full e-flex e-con e-child\" data-id=\"7384976\" data-element_type=\"container\">\n\t\t\t\t<div class=\"elementor-element elementor-element-eb4719b elementor-widget elementor-widget-image\" data-id=\"eb4719b\" data-element_type=\"widget\" data-widget_type=\"image.default\">\n\t\t\t\t<div class=\"elementor-widget-container\">\n\t\t\t\t\t\t\t\t\t\t\t\t\t\t\t<img decoding=\"async\" width=\"1024\" height=\"947\" src=\"https:\/\/talana.biz\/wp-content\/uploads\/2025\/05\/Triple-Bienestar-01-1024x947.png\" class=\"attachment-large size-large wp-image-1936\" alt=\"\" srcset=\"https:\/\/talana.biz\/wp-content\/uploads\/2025\/05\/Triple-Bienestar-01-1024x947.png 1024w, https:\/\/talana.biz\/wp-content\/uploads\/2025\/05\/Triple-Bienestar-01-300x278.png 300w, https:\/\/talana.biz\/wp-content\/uploads\/2025\/05\/Triple-Bienestar-01-768x710.png 768w, https:\/\/talana.biz\/wp-content\/uploads\/2025\/05\/Triple-Bienestar-01-1536x1421.png 1536w, https:\/\/talana.biz\/wp-content\/uploads\/2025\/05\/Triple-Bienestar-01-2048x1895.png 2048w, https:\/\/talana.biz\/wp-content\/uploads\/2025\/05\/Triple-Bienestar-01-600x555.png 600w\" sizes=\"(max-width: 1024px) 100vw, 1024px\" \/>\t\t\t\t\t\t\t\t\t\t\t\t\t\t\t<\/div>\n\t\t\t\t<\/div>\n\t\t\t\t<\/div>\n\t\t<div class=\"elementor-element elementor-element-1c7ba2a e-con-full e-flex e-con e-child\" data-id=\"1c7ba2a\" data-element_type=\"container\">\n\t\t\t\t<\/div>\n\t\t\t\t\t<\/div>\n\t\t\t\t<\/div>\n\t\t<div class=\"elementor-element elementor-element-aba88df e-flex e-con-boxed e-con e-parent\" data-id=\"aba88df\" data-element_type=\"container\">\n\t\t\t\t\t<div class=\"e-con-inner\">\n\t\t\t\t<div class=\"elementor-element elementor-element-2e1fe26 elementor-widget elementor-widget-heading\" data-id=\"2e1fe26\" data-element_type=\"widget\" data-widget_type=\"heading.default\">\n\t\t\t\t<div class=\"elementor-widget-container\">\n\t\t\t\t\t<h1 class=\"elementor-heading-title elementor-size-default\">Alianza con Fundaci\u00f3n DEHVI<\/h1>\t\t\t\t<\/div>\n\t\t\t\t<\/div>\n\t\t\t\t\t<\/div>\n\t\t\t\t<\/div>\n\t\t<div class=\"elementor-element elementor-element-d3ed17a e-flex e-con-boxed e-con e-parent\" data-id=\"d3ed17a\" data-element_type=\"container\">\n\t\t\t\t\t<div class=\"e-con-inner\">\n\t\t<div class=\"elementor-element elementor-element-886bda7 e-con-full e-flex e-con e-child\" data-id=\"886bda7\" data-element_type=\"container\">\n\t\t\t\t<div class=\"elementor-element elementor-element-e1ecf97 elementor-widget elementor-widget-image\" data-id=\"e1ecf97\" data-element_type=\"widget\" data-widget_type=\"image.default\">\n\t\t\t\t<div class=\"elementor-widget-container\">\n\t\t\t\t\t\t\t\t\t\t\t\t\t\t\t<img loading=\"lazy\" decoding=\"async\" width=\"597\" height=\"417\" src=\"https:\/\/talana.biz\/wp-content\/uploads\/2025\/05\/Captura-de-pantalla-2025-05-28-205201.png\" class=\"attachment-large size-large wp-image-1937\" alt=\"\" srcset=\"https:\/\/talana.biz\/wp-content\/uploads\/2025\/05\/Captura-de-pantalla-2025-05-28-205201.png 597w, https:\/\/talana.biz\/wp-content\/uploads\/2025\/05\/Captura-de-pantalla-2025-05-28-205201-300x210.png 300w\" sizes=\"(max-width: 597px) 100vw, 597px\" \/>\t\t\t\t\t\t\t\t\t\t\t\t\t\t\t<\/div>\n\t\t\t\t<\/div>\n\t\t\t\t<\/div>\n\t\t<div class=\"elementor-element elementor-element-7df13e2 e-con-full e-flex e-con e-child\" data-id=\"7df13e2\" data-element_type=\"container\">\n\t\t\t\t<div class=\"elementor-element elementor-element-1880098 elementor-widget elementor-widget-spacer\" data-id=\"1880098\" data-element_type=\"widget\" data-widget_type=\"spacer.default\">\n\t\t\t\t<div class=\"elementor-widget-container\">\n\t\t\t\t\t\t\t<div class=\"elementor-spacer\">\n\t\t\t<div class=\"elementor-spacer-inner\"><\/div>\n\t\t<\/div>\n\t\t\t\t\t\t<\/div>\n\t\t\t\t<\/div>\n\t\t\t\t<div class=\"elementor-element elementor-element-20428d7 elementor-widget elementor-widget-text-editor\" data-id=\"20428d7\" data-element_type=\"widget\" data-widget_type=\"text-editor.default\">\n\t\t\t\t<div class=\"elementor-widget-container\">\n\t\t\t\t\t\t\t\t\t<h4 style=\"text-align: center;\"><strong><span style=\"color: #0270cb;\">Nos enorgullece contar con el <\/span><\/strong><br \/><strong><span style=\"color: #0270cb;\">respaldo de <a href=\"https:\/\/dehvi.org\/\">Fundaci\u00f3n DEHVI<\/a>, y <\/span><\/strong><br \/><strong><span style=\"color: #0270cb;\">como parte de nuestro <\/span><\/strong><br \/><strong><span style=\"color: #0270cb;\">compromiso social, destinamos <\/span><\/strong><br \/><strong><span style=\"color: #0270cb;\">un porcentaje de nuestras <\/span><\/strong><br \/><strong><span style=\"color: #0270cb;\">ganancias a esta organizaci\u00f3n, <\/span><\/strong><br \/><strong><span style=\"color: #0270cb;\">apoyando sus programas para <\/span><\/strong><br \/><strong><span style=\"color: #0270cb;\">el bienestar de las familias y el <\/span><\/strong><br \/><strong><span style=\"color: #0270cb;\">desarrollo infantil.<\/span><\/strong><\/h4>\t\t\t\t\t\t\t\t<\/div>\n\t\t\t\t<\/div>\n\t\t\t\t<\/div>\n\t\t\t\t\t<\/div>\n\t\t\t\t<\/div>\n\t\t<div class=\"elementor-element elementor-element-070532b e-flex e-con-boxed e-con e-parent\" data-id=\"070532b\" data-element_type=\"container\">\n\t\t\t\t\t<div class=\"e-con-inner\">\n\t\t\t\t\t<\/div>\n\t\t\t\t<\/div>\n\t\t\t\t<\/div>\n\t\t","protected":false},"excerpt":{"rendered":"<p>Transformamos la manera en que las empresas asumen la corresponsabilidad de los cuidados. Talana by Grupo DEHVI es una organizaci\u00f3n pionera en Costa Rica en la creaci\u00f3n de estrategias de corresponsabilidad social del cuidado. Desde 2011, hemos trabajado junto a Fundaci\u00f3n DEHVI para desarrollar programas empresariales que equilibren la vida laboral y las responsabilidades de [&hellip;]<\/p>\n","protected":false},"author":1,"featured_media":0,"parent":0,"menu_order":0,"comment_status":"closed","ping_status":"closed","template":"","meta":{"site-sidebar-layout":"no-sidebar","site-content-layout":"page-builder","ast-site-content-layout":"default","site-content-style":"default","site-sidebar-style":"default","ast-global-header-display":"","ast-banner-title-visibility":"","ast-main-header-display":"","ast-hfb-above-header-display":"","ast-hfb-below-header-display":"","ast-hfb-mobile-header-display":"","site-post-title":"disabled","ast-breadcrumbs-content":"","ast-featured-img":"disabled","footer-sml-layout":"","ast-disable-related-posts":"","theme-transparent-header-meta":"","adv-header-id-meta":"","stick-header-meta":"","header-above-stick-meta":"","header-main-stick-meta":"","header-below-stick-meta":"","astra-migrate-meta-layouts":"default","ast-page-background-enabled":"default","ast-page-background-meta":{"desktop":{"background-color":"var(--ast-global-color-4)","background-image":"","background-repeat":"repeat","background-position":"center center","background-size":"auto","background-attachment":"scroll","background-type":"","background-media":"","overlay-type":"","overlay-color":"","overlay-opacity":"","overlay-gradient":""},"tablet":{"background-color":"","background-image":"","background-repeat":"repeat","background-position":"center center","background-size":"auto","background-attachment":"scroll","background-type":"","background-media":"","overlay-type":"","overlay-color":"","overlay-opacity":"","overlay-gradient":""},"mobile":{"background-color":"","background-image":"","background-repeat":"repeat","background-position":"center center","background-size":"auto","background-attachment":"scroll","background-type":"","background-media":"","overlay-type":"","overlay-color":"","overlay-opacity":"","overlay-gradient":""}},"ast-content-background-meta":{"desktop":{"background-color":"var(--ast-global-color-5)","background-image":"","background-repeat":"repeat","background-position":"center center","background-size":"auto","background-attachment":"scroll","background-type":"","background-media":"","overlay-type":"","overlay-color":"","overlay-opacity":"","overlay-gradient":""},"tablet":{"background-color":"var(--ast-global-color-5)","background-image":"","background-repeat":"repeat","background-position":"center center","background-size":"auto","background-attachment":"scroll","background-type":"","background-media":"","overlay-type":"","overlay-color":"","overlay-opacity":"","overlay-gradient":""},"mobile":{"background-color":"var(--ast-global-color-5)","background-image":"","background-repeat":"repeat","background-position":"center center","background-size":"auto","background-attachment":"scroll","background-type":"","background-media":"","overlay-type":"","overlay-color":"","overlay-opacity":"","overlay-gradient":""}},"footnotes":""},"class_list":["post-1319","page","type-page","status-publish","hentry"],"_links":{"self":[{"href":"https:\/\/talana.biz\/index.php\/wp-json\/wp\/v2\/pages\/1319","targetHints":{"allow":["GET"]}}],"collection":[{"href":"https:\/\/talana.biz\/index.php\/wp-json\/wp\/v2\/pages"}],"about":[{"href":"https:\/\/talana.biz\/index.php\/wp-json\/wp\/v2\/types\/page"}],"author":[{"embeddable":true,"href":"https:\/\/talana.biz\/index.php\/wp-json\/wp\/v2\/users\/1"}],"replies":[{"embeddable":true,"href":"https:\/\/talana.biz\/index.php\/wp-json\/wp\/v2\/comments?post=1319"}],"version-history":[{"count":85,"href":"https:\/\/talana.biz\/index.php\/wp-json\/wp\/v2\/pages\/1319\/revisions"}],"predecessor-version":[{"id":2119,"href":"https:\/\/talana.biz\/index.php\/wp-json\/wp\/v2\/pages\/1319\/revisions\/2119"}],"wp:attachment":[{"href":"https:\/\/talana.biz\/index.php\/wp-json\/wp\/v2\/media?parent=1319"}],"curies":[{"name":"wp","href":"https:\/\/api.w.org\/{rel}","templated":true}]}}