{"id":1256,"date":"2023-08-28T05:35:51","date_gmt":"2023-08-28T05:35:51","guid":{"rendered":"https:\/\/talana.biz\/?page_id=1256"},"modified":"2025-05-30T19:38:11","modified_gmt":"2025-05-30T19:38:11","slug":"elementor-1256","status":"publish","type":"page","link":"https:\/\/talana.biz\/","title":{"rendered":"Home"},"content":{"rendered":"\t\t<div data-elementor-type=\"wp-page\" data-elementor-id=\"1256\" class=\"elementor elementor-1256\">\n\t\t\t\t<div class=\"elementor-element elementor-element-28a8eb3 e-con-full e-flex e-con e-parent\" data-id=\"28a8eb3\" data-element_type=\"container\">\n\t\t\t\t<div class=\"elementor-element elementor-element-48134fb elementor-arrows-position-inside elementor-pagination-position-outside elementor-widget elementor-widget-image-carousel\" data-id=\"48134fb\" data-element_type=\"widget\" data-settings=\"{&quot;slides_to_show&quot;:&quot;1&quot;,&quot;navigation&quot;:&quot;both&quot;,&quot;autoplay&quot;:&quot;yes&quot;,&quot;pause_on_hover&quot;:&quot;yes&quot;,&quot;pause_on_interaction&quot;:&quot;yes&quot;,&quot;autoplay_speed&quot;:5000,&quot;infinite&quot;:&quot;yes&quot;,&quot;effect&quot;:&quot;slide&quot;,&quot;speed&quot;:500}\" data-widget_type=\"image-carousel.default\">\n\t\t\t\t<div class=\"elementor-widget-container\">\n\t\t\t\t\t\t\t<div class=\"elementor-image-carousel-wrapper swiper\" role=\"region\" aria-roledescription=\"carousel\" aria-label=\"Image Carousel\" dir=\"ltr\">\n\t\t\t<div class=\"elementor-image-carousel swiper-wrapper\" aria-live=\"off\">\n\t\t\t\t\t\t\t\t<div class=\"swiper-slide\" role=\"group\" aria-roledescription=\"slide\" aria-label=\"1 of 1\"><a data-elementor-open-lightbox=\"yes\" data-elementor-lightbox-slideshow=\"48134fb\" data-elementor-lightbox-title=\"bannerfoco2\" data-e-action-hash=\"#elementor-action%3Aaction%3Dlightbox%26settings%3DeyJpZCI6MjExMywidXJsIjoiaHR0cHM6XC9cL3RhbGFuYS5iaXpcL3dwLWNvbnRlbnRcL3VwbG9hZHNcLzIwMjVcLzA1XC9iYW5uZXJmb2NvMi5wbmciLCJzbGlkZXNob3ciOiI0ODEzNGZiIn0%3D\" href=\"https:\/\/talana.biz\/index.php\/foco\/\"><figure class=\"swiper-slide-inner\"><img decoding=\"async\" class=\"swiper-slide-image\" src=\"https:\/\/talana.biz\/wp-content\/uploads\/2025\/05\/bannerfoco2.png\" alt=\"bannerfoco2\" \/><\/figure><\/a><\/div>\t\t\t<\/div>\n\t\t\t\t\t<\/div>\n\t\t\t\t\t\t<\/div>\n\t\t\t\t<\/div>\n\t\t\t\t<\/div>\n\t\t<div class=\"elementor-element elementor-element-ac665f5 e-flex e-con-boxed e-con e-parent\" data-id=\"ac665f5\" data-element_type=\"container\">\n\t\t\t\t\t<div class=\"e-con-inner\">\n\t\t\t\t<div class=\"elementor-element elementor-element-78ea502 elementor-widget elementor-widget-heading\" data-id=\"78ea502\" data-element_type=\"widget\" data-widget_type=\"heading.default\">\n\t\t\t\t<div class=\"elementor-widget-container\">\n\t\t\t\t\t<h1 class=\"elementor-heading-title elementor-size-default\">Corresponsabilidad en los cuidados\n para un mundo laboral m\u00e1s equitativo.<\/h1>\t\t\t\t<\/div>\n\t\t\t\t<\/div>\n\t\t\t\t\t<\/div>\n\t\t\t\t<\/div>\n\t\t<div class=\"elementor-element elementor-element-d97c938 e-flex e-con-boxed e-con e-parent\" data-id=\"d97c938\" data-element_type=\"container\">\n\t\t\t\t\t<div class=\"e-con-inner\">\n\t\t<div class=\"elementor-element elementor-element-44b0077 e-con-full e-flex e-con e-child\" data-id=\"44b0077\" data-element_type=\"container\">\n\t\t\t\t<div class=\"elementor-element elementor-element-9d41ae8 elementor-widget elementor-widget-image\" data-id=\"9d41ae8\" data-element_type=\"widget\" data-widget_type=\"image.default\">\n\t\t\t\t<div class=\"elementor-widget-container\">\n\t\t\t\t\t\t\t\t\t\t\t\t\t\t\t<img fetchpriority=\"high\" decoding=\"async\" width=\"1024\" height=\"768\" src=\"https:\/\/talana.biz\/wp-content\/uploads\/2025\/05\/people-holding-hands-cute-paper-family-1024x768.jpg\" class=\"attachment-large size-large wp-image-1910\" alt=\"\" srcset=\"https:\/\/talana.biz\/wp-content\/uploads\/2025\/05\/people-holding-hands-cute-paper-family-1024x768.jpg 1024w, https:\/\/talana.biz\/wp-content\/uploads\/2025\/05\/people-holding-hands-cute-paper-family-300x225.jpg 300w, https:\/\/talana.biz\/wp-content\/uploads\/2025\/05\/people-holding-hands-cute-paper-family-768x576.jpg 768w, https:\/\/talana.biz\/wp-content\/uploads\/2025\/05\/people-holding-hands-cute-paper-family-1536x1152.jpg 1536w, https:\/\/talana.biz\/wp-content\/uploads\/2025\/05\/people-holding-hands-cute-paper-family-600x450.jpg 600w, https:\/\/talana.biz\/wp-content\/uploads\/2025\/05\/people-holding-hands-cute-paper-family.jpg 2000w\" sizes=\"(max-width: 1024px) 100vw, 1024px\" \/>\t\t\t\t\t\t\t\t\t\t\t\t\t\t\t<\/div>\n\t\t\t\t<\/div>\n\t\t\t\t<\/div>\n\t\t<div class=\"elementor-element elementor-element-d675ac9 e-con-full e-flex e-con e-child\" data-id=\"d675ac9\" data-element_type=\"container\">\n\t\t\t\t<div class=\"elementor-element elementor-element-a08efc5 elementor-widget elementor-widget-heading\" data-id=\"a08efc5\" data-element_type=\"widget\" data-widget_type=\"heading.default\">\n\t\t\t\t<div class=\"elementor-widget-container\">\n\t\t\t\t\t<h4 class=\"elementor-heading-title elementor-size-default\">Somos una empresa social \ncomprometida con la construcci\u00f3n de \nentornos laborales sensibles y \nsolidarios para mejorar la \ncompetitividad y el retorno de inversi\u00f3n. \nDise\u00f1amos estrategias innovadoras y \npersonalizadas para que las empresas \napoyen a sus colaboradores en el \ncuidado de sus familiares. El bienestar \nde los colaboradores se traduce en \nproductividad, fidelizaci\u00f3n y \u00e9xito \nempresarial.<\/h4>\t\t\t\t<\/div>\n\t\t\t\t<\/div>\n\t\t\t\t<div class=\"elementor-element elementor-element-901c50f elementor-align-center elementor-widget elementor-widget-button\" data-id=\"901c50f\" data-element_type=\"widget\" data-widget_type=\"button.default\">\n\t\t\t\t<div class=\"elementor-widget-container\">\n\t\t\t\t\t\t\t\t\t<div class=\"elementor-button-wrapper\">\n\t\t\t\t\t<a class=\"elementor-button elementor-button-link elementor-size-sm\" href=\"https:\/\/talana.biz\/index.php\/quienes-somos\/\">\n\t\t\t\t\t\t<span class=\"elementor-button-content-wrapper\">\n\t\t\t\t\t\t\t\t\t<span class=\"elementor-button-text\">M\u00e1s Informaci\u00f3n<\/span>\n\t\t\t\t\t<\/span>\n\t\t\t\t\t<\/a>\n\t\t\t\t<\/div>\n\t\t\t\t\t\t\t\t<\/div>\n\t\t\t\t<\/div>\n\t\t\t\t<\/div>\n\t\t\t\t\t<\/div>\n\t\t\t\t<\/div>\n\t\t<div class=\"elementor-element elementor-element-9cba201 e-flex e-con-boxed e-con e-parent\" data-id=\"9cba201\" data-element_type=\"container\">\n\t\t\t\t\t<div class=\"e-con-inner\">\n\t\t\t\t<div class=\"elementor-element elementor-element-4d392af elementor-widget__width-initial elementor-widget elementor-widget-heading\" data-id=\"4d392af\" data-element_type=\"widget\" data-widget_type=\"heading.default\">\n\t\t\t\t<div class=\"elementor-widget-container\">\n\t\t\t\t\t<h1 class=\"elementor-heading-title elementor-size-default\">Beneficios \npara las Empresas<\/h1>\t\t\t\t<\/div>\n\t\t\t\t<\/div>\n\t\t\t\t\t<\/div>\n\t\t\t\t<\/div>\n\t\t<div class=\"elementor-element elementor-element-883ed7e e-flex e-con-boxed e-con e-parent\" data-id=\"883ed7e\" data-element_type=\"container\">\n\t\t\t\t\t<div class=\"e-con-inner\">\n\t\t<div class=\"elementor-element elementor-element-37845a0 e-con-full e-flex e-con e-child\" data-id=\"37845a0\" data-element_type=\"container\">\n\t\t\t\t<div class=\"elementor-element elementor-element-2a589e4 elementor-widget elementor-widget-image\" data-id=\"2a589e4\" data-element_type=\"widget\" data-widget_type=\"image.default\">\n\t\t\t\t<div class=\"elementor-widget-container\">\n\t\t\t\t\t\t\t\t\t\t\t\t\t\t\t<img decoding=\"async\" width=\"747\" height=\"537\" src=\"https:\/\/talana.biz\/wp-content\/uploads\/2025\/05\/Captura-de-pantalla-2025-05-27-214146.png\" class=\"attachment-large size-large wp-image-1911\" alt=\"\" srcset=\"https:\/\/talana.biz\/wp-content\/uploads\/2025\/05\/Captura-de-pantalla-2025-05-27-214146.png 747w, https:\/\/talana.biz\/wp-content\/uploads\/2025\/05\/Captura-de-pantalla-2025-05-27-214146-300x216.png 300w, https:\/\/talana.biz\/wp-content\/uploads\/2025\/05\/Captura-de-pantalla-2025-05-27-214146-600x431.png 600w\" sizes=\"(max-width: 747px) 100vw, 747px\" \/>\t\t\t\t\t\t\t\t\t\t\t\t\t\t\t<\/div>\n\t\t\t\t<\/div>\n\t\t\t\t<\/div>\n\t\t<div class=\"elementor-element elementor-element-c3355f2 e-con-full e-flex e-con e-child\" data-id=\"c3355f2\" data-element_type=\"container\">\n\t\t\t\t<div class=\"elementor-element elementor-element-6216dfb elementor-widget elementor-widget-image\" data-id=\"6216dfb\" data-element_type=\"widget\" data-widget_type=\"image.default\">\n\t\t\t\t<div class=\"elementor-widget-container\">\n\t\t\t\t\t\t\t\t\t\t\t\t\t\t\t<img decoding=\"async\" width=\"1024\" height=\"682\" src=\"https:\/\/talana.biz\/wp-content\/uploads\/2025\/05\/labor-union-members-working-together-1024x682.jpg\" class=\"attachment-large size-large wp-image-1912\" alt=\"\" srcset=\"https:\/\/talana.biz\/wp-content\/uploads\/2025\/05\/labor-union-members-working-together-1024x682.jpg 1024w, https:\/\/talana.biz\/wp-content\/uploads\/2025\/05\/labor-union-members-working-together-300x200.jpg 300w, https:\/\/talana.biz\/wp-content\/uploads\/2025\/05\/labor-union-members-working-together-768x512.jpg 768w, https:\/\/talana.biz\/wp-content\/uploads\/2025\/05\/labor-union-members-working-together-1536x1024.jpg 1536w, https:\/\/talana.biz\/wp-content\/uploads\/2025\/05\/labor-union-members-working-together-600x400.jpg 600w, https:\/\/talana.biz\/wp-content\/uploads\/2025\/05\/labor-union-members-working-together.jpg 2000w\" sizes=\"(max-width: 1024px) 100vw, 1024px\" \/>\t\t\t\t\t\t\t\t\t\t\t\t\t\t\t<\/div>\n\t\t\t\t<\/div>\n\t\t\t\t<\/div>\n\t\t\t\t\t<\/div>\n\t\t\t\t<\/div>\n\t\t<div class=\"elementor-element elementor-element-4fb8353 e-flex e-con-boxed e-con e-parent\" data-id=\"4fb8353\" data-element_type=\"container\">\n\t\t\t\t\t<div class=\"e-con-inner\">\n\t\t\t\t<div class=\"elementor-element elementor-element-a760373 elementor-widget elementor-widget-heading\" data-id=\"a760373\" data-element_type=\"widget\" data-widget_type=\"heading.default\">\n\t\t\t\t<div class=\"elementor-widget-container\">\n\t\t\t\t\t<h1 class=\"elementor-heading-title elementor-size-default\">\u00bfC\u00f3mo podemos\n apoyar a su empresa? <\/h1>\t\t\t\t<\/div>\n\t\t\t\t<\/div>\n\t\t\t\t\t<\/div>\n\t\t\t\t<\/div>\n\t\t<div class=\"elementor-element elementor-element-7858749 e-flex e-con-boxed e-con e-parent\" data-id=\"7858749\" data-element_type=\"container\">\n\t\t\t\t\t<div class=\"e-con-inner\">\n\t\t<div class=\"elementor-element elementor-element-f4e7a96 e-con-full e-flex e-con e-child\" data-id=\"f4e7a96\" data-element_type=\"container\">\n\t\t\t\t<div class=\"elementor-element elementor-element-e4921df elementor-widget elementor-widget-image\" data-id=\"e4921df\" data-element_type=\"widget\" data-widget_type=\"image.default\">\n\t\t\t\t<div class=\"elementor-widget-container\">\n\t\t\t\t\t\t\t\t\t\t\t\t\t\t\t\t<a href=\"https:\/\/talana.biz\/index.php\/diagnostico\/\">\n\t\t\t\t\t\t\t<img loading=\"lazy\" decoding=\"async\" width=\"502\" height=\"572\" src=\"https:\/\/talana.biz\/wp-content\/uploads\/2025\/05\/Diagnostico.png\" class=\"attachment-large size-large wp-image-1917\" alt=\"\" srcset=\"https:\/\/talana.biz\/wp-content\/uploads\/2025\/05\/Diagnostico.png 502w, https:\/\/talana.biz\/wp-content\/uploads\/2025\/05\/Diagnostico-263x300.png 263w\" sizes=\"(max-width: 502px) 100vw, 502px\" \/>\t\t\t\t\t\t\t\t<\/a>\n\t\t\t\t\t\t\t\t\t\t\t\t\t\t\t<\/div>\n\t\t\t\t<\/div>\n\t\t\t\t<\/div>\n\t\t<div class=\"elementor-element elementor-element-fa7d9ee e-con-full e-flex e-con e-child\" data-id=\"fa7d9ee\" data-element_type=\"container\">\n\t\t\t\t<div class=\"elementor-element elementor-element-eb3b6ca elementor-widget elementor-widget-image\" data-id=\"eb3b6ca\" data-element_type=\"widget\" data-widget_type=\"image.default\">\n\t\t\t\t<div class=\"elementor-widget-container\">\n\t\t\t\t\t\t\t\t\t\t\t\t\t\t\t\t<a href=\"https:\/\/talana.biz\/index.php\/programa\/\">\n\t\t\t\t\t\t\t<img loading=\"lazy\" decoding=\"async\" width=\"501\" height=\"572\" src=\"https:\/\/talana.biz\/wp-content\/uploads\/2025\/05\/programa-de-pago.png\" class=\"attachment-large size-large wp-image-1918\" alt=\"\" srcset=\"https:\/\/talana.biz\/wp-content\/uploads\/2025\/05\/programa-de-pago.png 501w, https:\/\/talana.biz\/wp-content\/uploads\/2025\/05\/programa-de-pago-263x300.png 263w\" sizes=\"(max-width: 501px) 100vw, 501px\" \/>\t\t\t\t\t\t\t\t<\/a>\n\t\t\t\t\t\t\t\t\t\t\t\t\t\t\t<\/div>\n\t\t\t\t<\/div>\n\t\t\t\t<\/div>\n\t\t<div class=\"elementor-element elementor-element-9826cb2 e-con-full e-flex e-con e-child\" data-id=\"9826cb2\" data-element_type=\"container\">\n\t\t\t\t<div class=\"elementor-element elementor-element-3f97d86 elementor-widget elementor-widget-image\" data-id=\"3f97d86\" data-element_type=\"widget\" data-widget_type=\"image.default\">\n\t\t\t\t<div class=\"elementor-widget-container\">\n\t\t\t\t\t\t\t\t\t\t\t\t\t\t\t\t<a href=\"https:\/\/talana.biz\/index.php\/programa-copy\/\">\n\t\t\t\t\t\t\t<img loading=\"lazy\" decoding=\"async\" width=\"502\" height=\"571\" src=\"https:\/\/talana.biz\/wp-content\/uploads\/2025\/05\/estrategia-de-balance.png\" class=\"attachment-large size-large wp-image-1919\" alt=\"\" srcset=\"https:\/\/talana.biz\/wp-content\/uploads\/2025\/05\/estrategia-de-balance.png 502w, https:\/\/talana.biz\/wp-content\/uploads\/2025\/05\/estrategia-de-balance-264x300.png 264w\" sizes=\"(max-width: 502px) 100vw, 502px\" \/>\t\t\t\t\t\t\t\t<\/a>\n\t\t\t\t\t\t\t\t\t\t\t\t\t\t\t<\/div>\n\t\t\t\t<\/div>\n\t\t\t\t<\/div>\n\t\t<div class=\"elementor-element elementor-element-89f6f1d e-con-full e-flex e-con e-child\" data-id=\"89f6f1d\" data-element_type=\"container\">\n\t\t\t\t<div class=\"elementor-element elementor-element-e901fc3 elementor-widget elementor-widget-image\" data-id=\"e901fc3\" data-element_type=\"widget\" data-widget_type=\"image.default\">\n\t\t\t\t<div class=\"elementor-widget-container\">\n\t\t\t\t\t\t\t\t\t\t\t\t\t\t\t\t<a href=\"https:\/\/talana.biz\/index.php\/alianzas\/\">\n\t\t\t\t\t\t\t<img loading=\"lazy\" decoding=\"async\" width=\"501\" height=\"572\" src=\"https:\/\/talana.biz\/wp-content\/uploads\/2025\/05\/Analisis-de-centros.png\" class=\"attachment-large size-large wp-image-1920\" alt=\"\" srcset=\"https:\/\/talana.biz\/wp-content\/uploads\/2025\/05\/Analisis-de-centros.png 501w, https:\/\/talana.biz\/wp-content\/uploads\/2025\/05\/Analisis-de-centros-263x300.png 263w\" sizes=\"(max-width: 501px) 100vw, 501px\" \/>\t\t\t\t\t\t\t\t<\/a>\n\t\t\t\t\t\t\t\t\t\t\t\t\t\t\t<\/div>\n\t\t\t\t<\/div>\n\t\t\t\t<\/div>\n\t\t<div class=\"elementor-element elementor-element-7bba8ed e-con-full e-flex e-con e-child\" data-id=\"7bba8ed\" data-element_type=\"container\">\n\t\t\t\t<div class=\"elementor-element elementor-element-67cc350 elementor-widget elementor-widget-image\" data-id=\"67cc350\" data-element_type=\"widget\" data-widget_type=\"image.default\">\n\t\t\t\t<div class=\"elementor-widget-container\">\n\t\t\t\t\t\t\t\t\t\t\t\t\t\t\t\t<a href=\"https:\/\/talana.biz\/index.php\/sensibilizacion\/\">\n\t\t\t\t\t\t\t<img loading=\"lazy\" decoding=\"async\" width=\"500\" height=\"570\" src=\"https:\/\/talana.biz\/wp-content\/uploads\/2025\/05\/sensibilizacion-.png\" class=\"attachment-large size-large wp-image-1921\" alt=\"\" srcset=\"https:\/\/talana.biz\/wp-content\/uploads\/2025\/05\/sensibilizacion-.png 500w, https:\/\/talana.biz\/wp-content\/uploads\/2025\/05\/sensibilizacion--263x300.png 263w\" sizes=\"(max-width: 500px) 100vw, 500px\" \/>\t\t\t\t\t\t\t\t<\/a>\n\t\t\t\t\t\t\t\t\t\t\t\t\t\t\t<\/div>\n\t\t\t\t<\/div>\n\t\t\t\t<\/div>\n\t\t<div class=\"elementor-element elementor-element-928a30c e-con-full e-flex e-con e-child\" data-id=\"928a30c\" data-element_type=\"container\">\n\t\t\t\t<\/div>\n\t\t\t\t\t<\/div>\n\t\t\t\t<\/div>\n\t\t<div class=\"elementor-element elementor-element-cf79605 e-flex e-con-boxed e-con e-parent\" data-id=\"cf79605\" data-element_type=\"container\">\n\t\t\t\t\t<div class=\"e-con-inner\">\n\t\t\t\t<div class=\"elementor-element elementor-element-c653015 elementor-widget elementor-widget-spacer\" data-id=\"c653015\" data-element_type=\"widget\" data-widget_type=\"spacer.default\">\n\t\t\t\t<div class=\"elementor-widget-container\">\n\t\t\t\t\t\t\t<div class=\"elementor-spacer\">\n\t\t\t<div class=\"elementor-spacer-inner\"><\/div>\n\t\t<\/div>\n\t\t\t\t\t\t<\/div>\n\t\t\t\t<\/div>\n\t\t\t\t\t<\/div>\n\t\t\t\t<\/div>\n\t\t<div class=\"elementor-element elementor-element-37ea7c4 e-flex e-con-boxed e-con e-parent\" data-id=\"37ea7c4\" data-element_type=\"container\">\n\t\t\t\t\t<div class=\"e-con-inner\">\n\t\t<div class=\"elementor-element elementor-element-8d53be9 e-con-full e-flex e-con e-child\" data-id=\"8d53be9\" data-element_type=\"container\">\n\t\t\t\t<div class=\"elementor-element elementor-element-c6ed539 elementor-widget elementor-widget-image\" data-id=\"c6ed539\" data-element_type=\"widget\" data-widget_type=\"image.default\">\n\t\t\t\t<div class=\"elementor-widget-container\">\n\t\t\t\t\t\t\t\t\t\t\t\t\t\t\t<img loading=\"lazy\" decoding=\"async\" width=\"1024\" height=\"142\" src=\"https:\/\/talana.biz\/wp-content\/uploads\/2025\/05\/sin-descuidos-1024x142.png\" class=\"attachment-large size-large wp-image-1925\" alt=\"\" srcset=\"https:\/\/talana.biz\/wp-content\/uploads\/2025\/05\/sin-descuidos-1024x142.png 1024w, https:\/\/talana.biz\/wp-content\/uploads\/2025\/05\/sin-descuidos-300x42.png 300w, https:\/\/talana.biz\/wp-content\/uploads\/2025\/05\/sin-descuidos-768x106.png 768w, https:\/\/talana.biz\/wp-content\/uploads\/2025\/05\/sin-descuidos-1536x213.png 1536w, https:\/\/talana.biz\/wp-content\/uploads\/2025\/05\/sin-descuidos-2048x284.png 2048w, https:\/\/talana.biz\/wp-content\/uploads\/2025\/05\/sin-descuidos-600x83.png 600w\" sizes=\"(max-width: 1024px) 100vw, 1024px\" \/>\t\t\t\t\t\t\t\t\t\t\t\t\t\t\t<\/div>\n\t\t\t\t<\/div>\n\t\t\t\t<div class=\"elementor-element elementor-element-9eedd73 elementor-widget elementor-widget-heading\" data-id=\"9eedd73\" data-element_type=\"widget\" data-widget_type=\"heading.default\">\n\t\t\t\t<div class=\"elementor-widget-container\">\n\t\t\t\t\t<h3 class=\"elementor-heading-title elementor-size-default\">Hac\u00e9 de tu empresa un referente\n en bienestar y equidad laboral.<\/h3>\t\t\t\t<\/div>\n\t\t\t\t<\/div>\n\t\t\t\t<div class=\"elementor-element elementor-element-fab0167 elementor-widget elementor-widget-heading\" data-id=\"fab0167\" data-element_type=\"widget\" data-widget_type=\"heading.default\">\n\t\t\t\t<div class=\"elementor-widget-container\">\n\t\t\t\t\t<h5 class=\"elementor-heading-title elementor-size-default\"> Sin Descuidos es un proyecto dise\u00f1ado para \nayudar a las empresas a que sus colaboradores \npuedan balancear sus responsabilidades \nfamiliares y laborales. Conoc\u00e9 las condiciones \nespeciales que tenemos para las primeras 12 \nempresas participantes. <\/h5>\t\t\t\t<\/div>\n\t\t\t\t<\/div>\n\t\t\t\t<div class=\"elementor-element elementor-element-a1d0240 elementor-align-center elementor-widget elementor-widget-button\" data-id=\"a1d0240\" data-element_type=\"widget\" data-widget_type=\"button.default\">\n\t\t\t\t<div class=\"elementor-widget-container\">\n\t\t\t\t\t\t\t\t\t<div class=\"elementor-button-wrapper\">\n\t\t\t\t\t<a class=\"elementor-button elementor-button-link elementor-size-sm\" href=\"https:\/\/talana.biz\/index.php\/sin-descuidos\/\">\n\t\t\t\t\t\t<span class=\"elementor-button-content-wrapper\">\n\t\t\t\t\t\t\t\t\t<span class=\"elementor-button-text\">M\u00e1s Informaci\u00f3n<\/span>\n\t\t\t\t\t<\/span>\n\t\t\t\t\t<\/a>\n\t\t\t\t<\/div>\n\t\t\t\t\t\t\t\t<\/div>\n\t\t\t\t<\/div>\n\t\t\t\t<\/div>\n\t\t<div class=\"elementor-element elementor-element-f7155a5 e-con-full e-flex e-con e-child\" data-id=\"f7155a5\" data-element_type=\"container\">\n\t\t\t\t<div class=\"elementor-element elementor-element-9baf1f1 elementor-widget elementor-widget-image\" data-id=\"9baf1f1\" data-element_type=\"widget\" data-widget_type=\"image.default\">\n\t\t\t\t<div class=\"elementor-widget-container\">\n\t\t\t\t\t\t\t\t\t\t\t\t\t\t\t<img loading=\"lazy\" decoding=\"async\" width=\"1024\" height=\"684\" src=\"https:\/\/talana.biz\/wp-content\/uploads\/2025\/05\/2148480235-1024x684.jpg\" class=\"attachment-large size-large wp-image-1922\" alt=\"\" srcset=\"https:\/\/talana.biz\/wp-content\/uploads\/2025\/05\/2148480235-1024x684.jpg 1024w, https:\/\/talana.biz\/wp-content\/uploads\/2025\/05\/2148480235-300x200.jpg 300w, https:\/\/talana.biz\/wp-content\/uploads\/2025\/05\/2148480235-768x513.jpg 768w, https:\/\/talana.biz\/wp-content\/uploads\/2025\/05\/2148480235-1536x1025.jpg 1536w, https:\/\/talana.biz\/wp-content\/uploads\/2025\/05\/2148480235-600x401.jpg 600w, https:\/\/talana.biz\/wp-content\/uploads\/2025\/05\/2148480235.jpg 2000w\" sizes=\"(max-width: 1024px) 100vw, 1024px\" \/>\t\t\t\t\t\t\t\t\t\t\t\t\t\t\t<\/div>\n\t\t\t\t<\/div>\n\t\t\t\t<\/div>\n\t\t\t\t\t<\/div>\n\t\t\t\t<\/div>\n\t\t<div class=\"elementor-element elementor-element-681318c e-flex e-con-boxed e-con e-parent\" data-id=\"681318c\" data-element_type=\"container\">\n\t\t\t\t\t<div class=\"e-con-inner\">\n\t\t\t\t<div class=\"elementor-element elementor-element-fda48af elementor-widget elementor-widget-spacer\" data-id=\"fda48af\" data-element_type=\"widget\" data-widget_type=\"spacer.default\">\n\t\t\t\t<div class=\"elementor-widget-container\">\n\t\t\t\t\t\t\t<div class=\"elementor-spacer\">\n\t\t\t<div class=\"elementor-spacer-inner\"><\/div>\n\t\t<\/div>\n\t\t\t\t\t\t<\/div>\n\t\t\t\t<\/div>\n\t\t\t\t\t<\/div>\n\t\t\t\t<\/div>\n\t\t\t\t<\/div>\n\t\t","protected":false},"excerpt":{"rendered":"<p>Corresponsabilidad en los cuidados para un mundo laboral m\u00e1s equitativo. Somos una empresa social comprometida con la construcci\u00f3n de entornos laborales sensibles y solidarios para mejorar la competitividad y el retorno de inversi\u00f3n. Dise\u00f1amos estrategias innovadoras y personalizadas para que las empresas apoyen a sus colaboradores en el cuidado de sus familiares. El bienestar de [&hellip;]<\/p>\n","protected":false},"author":1,"featured_media":0,"parent":0,"menu_order":0,"comment_status":"closed","ping_status":"closed","template":"","meta":{"site-sidebar-layout":"no-sidebar","site-content-layout":"page-builder","ast-site-content-layout":"default","site-content-style":"default","site-sidebar-style":"default","ast-global-header-display":"","ast-banner-title-visibility":"","ast-main-header-display":"","ast-hfb-above-header-display":"","ast-hfb-below-header-display":"","ast-hfb-mobile-header-display":"","site-post-title":"disabled","ast-breadcrumbs-content":"","ast-featured-img":"disabled","footer-sml-layout":"","ast-disable-related-posts":"","theme-transparent-header-meta":"","adv-header-id-meta":"","stick-header-meta":"","header-above-stick-meta":"","header-main-stick-meta":"","header-below-stick-meta":"","astra-migrate-meta-layouts":"default","ast-page-background-enabled":"default","ast-page-background-meta":{"desktop":{"background-color":"var(--ast-global-color-4)","background-image":"","background-repeat":"repeat","background-position":"center center","background-size":"auto","background-attachment":"scroll","background-type":"","background-media":"","overlay-type":"","overlay-color":"","overlay-opacity":"","overlay-gradient":""},"tablet":{"background-color":"","background-image":"","background-repeat":"repeat","background-position":"center center","background-size":"auto","background-attachment":"scroll","background-type":"","background-media":"","overlay-type":"","overlay-color":"","overlay-opacity":"","overlay-gradient":""},"mobile":{"background-color":"","background-image":"","background-repeat":"repeat","background-position":"center center","background-size":"auto","background-attachment":"scroll","background-type":"","background-media":"","overlay-type":"","overlay-color":"","overlay-opacity":"","overlay-gradient":""}},"ast-content-background-meta":{"desktop":{"background-color":"var(--ast-global-color-5)","background-image":"","background-repeat":"repeat","background-position":"center center","background-size":"auto","background-attachment":"scroll","background-type":"","background-media":"","overlay-type":"","overlay-color":"","overlay-opacity":"","overlay-gradient":""},"tablet":{"background-color":"var(--ast-global-color-5)","background-image":"","background-repeat":"repeat","background-position":"center center","background-size":"auto","background-attachment":"scroll","background-type":"","background-media":"","overlay-type":"","overlay-color":"","overlay-opacity":"","overlay-gradient":""},"mobile":{"background-color":"var(--ast-global-color-5)","background-image":"","background-repeat":"repeat","background-position":"center center","background-size":"auto","background-attachment":"scroll","background-type":"","background-media":"","overlay-type":"","overlay-color":"","overlay-opacity":"","overlay-gradient":""}},"footnotes":""},"class_list":["post-1256","page","type-page","status-publish","hentry"],"_links":{"self":[{"href":"https:\/\/talana.biz\/index.php\/wp-json\/wp\/v2\/pages\/1256","targetHints":{"allow":["GET"]}}],"collection":[{"href":"https:\/\/talana.biz\/index.php\/wp-json\/wp\/v2\/pages"}],"about":[{"href":"https:\/\/talana.biz\/index.php\/wp-json\/wp\/v2\/types\/page"}],"author":[{"embeddable":true,"href":"https:\/\/talana.biz\/index.php\/wp-json\/wp\/v2\/users\/1"}],"replies":[{"embeddable":true,"href":"https:\/\/talana.biz\/index.php\/wp-json\/wp\/v2\/comments?post=1256"}],"version-history":[{"count":81,"href":"https:\/\/talana.biz\/index.php\/wp-json\/wp\/v2\/pages\/1256\/revisions"}],"predecessor-version":[{"id":2116,"href":"https:\/\/talana.biz\/index.php\/wp-json\/wp\/v2\/pages\/1256\/revisions\/2116"}],"wp:attachment":[{"href":"https:\/\/talana.biz\/index.php\/wp-json\/wp\/v2\/media?parent=1256"}],"curies":[{"name":"wp","href":"https:\/\/api.w.org\/{rel}","templated":true}]}}